{"id":2250,"date":"2025-10-22T19:09:26","date_gmt":"2025-10-22T16:09:26","guid":{"rendered":"https:\/\/pipraveski.ee\/?post_type=product&#038;p=2250"},"modified":"2026-04-17T11:32:53","modified_gmt":"2026-04-17T08:32:53","slug":"korma-karrikaste-pataks-450g","status":"publish","type":"product","link":"https:\/\/pipraveski.ee\/en\/product\/korma-karrikaste-pataks-450g\/","title":{"rendered":"Korma curry sauce, Pataks, 450g"},"content":{"rendered":"<p>Maitsev ja ainulaadne koostisosade segu autentse karri jaoks. T\u00e4iuslik serveerituna basmati riisi, chutney ja pappadumiga.<\/p>\n<p>Koostisosad:&nbsp;vesi, suhkur, kuivatatud kookos (4,5%), KOOR (PIIM) (4%), kookoskoor (4%), rapsi\u00f5li, modifitseeritud maisit\u00e4rklis, tomatip\u00fcreekontsentraat, KOOR (PIIM) (1,5%), ingverip\u00fcree, k\u00fc\u00fcslaugup\u00fcree, maitseained (1%), kuivatatud sibul (0,5%), sool, hape, (piimhape), sidrunimahl kontsentreeritud mahlast, kuivatatud koriandrilehed.<\/p>\n<p><span style=\"font-size: 13px\">Nutrition information per 100g:<\/span><br style=\"font-size: 13px\" \/><br \/>\n<span style=\"font-size: 13px\">Energiasisaldus 543 kJ \/ 131 kcal<\/span><br style=\"font-size: 13px\" \/><br \/>\n<span style=\"font-size: 13px\">Rasvad 8,7g<\/span><br style=\"font-size: 13px\" \/><br \/>\n<span style=\"font-size: 13px\">millest k\u00fcllastunud rasvhapped 5,6g<\/span><br style=\"font-size: 13px\" \/><br \/>\n<span style=\"font-size: 13px\">S\u00fcsivesikud 11 g<\/span><br style=\"font-size: 13px\" \/><br \/>\n<span style=\"font-size: 13px\">millest suhkrud 6,7 g<\/span><br style=\"font-size: 13px\" \/><br \/>\n<span style=\"font-size: 13px\">Protein 1,1 g<\/span><br style=\"font-size: 13px\" \/><br \/>\n<span style=\"font-size: 13px\">Sool 0,71 g<\/p>\n<p>Country of origin: UK<\/span><\/p>","protected":false},"excerpt":{"rendered":"<p>Korma on rikkalik, kreemjas kookosp\u00e4hkli kaste peenelt tasakaalustatud aromaatsete v\u00fcrtsidega.<\/p>","protected":false},"featured_media":2281,"template":"","meta":[],"product_brand":[],"product_cat":[317],"product_tag":[],"class_list":{"0":"post-2250","1":"product","2":"type-product","3":"status-publish","4":"has-post-thumbnail","6":"product_cat-kastmed-sinepid-tsatnid","8":"first","9":"instock","10":"taxable","11":"shipping-taxable","12":"purchasable","13":"product-type-simple"},"_links":{"self":[{"href":"https:\/\/pipraveski.ee\/en\/wp-json\/wp\/v2\/product\/2250","targetHints":{"allow":["GET"]}}],"collection":[{"href":"https:\/\/pipraveski.ee\/en\/wp-json\/wp\/v2\/product"}],"about":[{"href":"https:\/\/pipraveski.ee\/en\/wp-json\/wp\/v2\/types\/product"}],"wp:featuredmedia":[{"embeddable":true,"href":"https:\/\/pipraveski.ee\/en\/wp-json\/wp\/v2\/media\/2281"}],"wp:attachment":[{"href":"https:\/\/pipraveski.ee\/en\/wp-json\/wp\/v2\/media?parent=2250"}],"wp:term":[{"taxonomy":"product_brand","embeddable":true,"href":"https:\/\/pipraveski.ee\/en\/wp-json\/wp\/v2\/product_brand?post=2250"},{"taxonomy":"product_cat","embeddable":true,"href":"https:\/\/pipraveski.ee\/en\/wp-json\/wp\/v2\/product_cat?post=2250"},{"taxonomy":"product_tag","embeddable":true,"href":"https:\/\/pipraveski.ee\/en\/wp-json\/wp\/v2\/product_tag?post=2250"}],"curies":[{"name":"wp","href":"https:\/\/api.w.org\/{rel}","templated":true}]}}