{"id":2249,"date":"2025-10-22T19:09:26","date_gmt":"2025-10-22T16:09:26","guid":{"rendered":"https:\/\/pipraveski.ee\/?post_type=product&#038;p=2249"},"modified":"2026-04-17T11:33:01","modified_gmt":"2026-04-17T08:33:01","slug":"bambusevorve-tukid-vees-twinelephant-540g","status":"publish","type":"product","link":"https:\/\/pipraveski.ee\/en\/product\/bambusevorve-tukid-vees-twinelephant-540g\/","title":{"rendered":"Pieces of bamboo net in water, TwinElephant, 540g"},"content":{"rendered":"<p>Bamboo shoots are added for texture and flavour to soups and stir-fries, stir-fry dishes, salads, curries, etc.<br \/>\nRegionally, you will find many uses from different Asian cuisines: Japan, China, Republic of China, Nepal, Indonesia, Thailand, Vietnam, etc.<br \/>\nBamboo shoots are similar in nature to asparagus.<\/p>\n<p>Ingredients: bamboo shoots, water, acidity regulator - citric acid.<\/p>\n<p>Nutrition information per 100g<br \/>\nEnergy content: 36 kJ \/ 9 kcal<br \/>\nFats- 0 g<br \/>\n&nbsp;Carbohydrates- 0,8 g<br \/>\nof which sugars - 0 g<br \/>\nProtein- 0,7 g<br \/>\nSalt - 0 g<\/p>","protected":false},"excerpt":{"rendered":"<p>Bambusev\u00f5rdseid lisatakse tekstuuriks ja maitseks suppidesse ja stir-fry, woki roogadesse, salatitesse, karridesse jne. Piirkonniti leiab palju kasutusviise erinevatest Aasia k\u00f6\u00f6kidest: Jaapan, Hiina, Hiina vabariik, Nepaal, Indoneesia, Tai, Vietnam jne. Bambusev\u00f5rsed meenutavad oma olemuselt sparglit. Koostisosad: bambusev\u00f5rsed, vesi, happesuse regulaator &#8211; sidrunhape. Toitumisalane teave 100g kohta Energiasisaldus: 36 kJ \/&nbsp;9 kcal Rasvad- 0 g &nbsp;S\u00fcsivesikud- 0,8 [&hellip;]<\/p>\n","protected":false},"featured_media":2280,"template":"","meta":[],"product_brand":[],"product_cat":[323],"product_tag":[],"class_list":{"0":"post-2249","1":"product","2":"type-product","3":"status-publish","4":"has-post-thumbnail","6":"product_cat-konservid","8":"first","9":"instock","10":"taxable","11":"shipping-taxable","12":"purchasable","13":"product-type-simple"},"_links":{"self":[{"href":"https:\/\/pipraveski.ee\/en\/wp-json\/wp\/v2\/product\/2249","targetHints":{"allow":["GET"]}}],"collection":[{"href":"https:\/\/pipraveski.ee\/en\/wp-json\/wp\/v2\/product"}],"about":[{"href":"https:\/\/pipraveski.ee\/en\/wp-json\/wp\/v2\/types\/product"}],"wp:featuredmedia":[{"embeddable":true,"href":"https:\/\/pipraveski.ee\/en\/wp-json\/wp\/v2\/media\/2280"}],"wp:attachment":[{"href":"https:\/\/pipraveski.ee\/en\/wp-json\/wp\/v2\/media?parent=2249"}],"wp:term":[{"taxonomy":"product_brand","embeddable":true,"href":"https:\/\/pipraveski.ee\/en\/wp-json\/wp\/v2\/product_brand?post=2249"},{"taxonomy":"product_cat","embeddable":true,"href":"https:\/\/pipraveski.ee\/en\/wp-json\/wp\/v2\/product_cat?post=2249"},{"taxonomy":"product_tag","embeddable":true,"href":"https:\/\/pipraveski.ee\/en\/wp-json\/wp\/v2\/product_tag?post=2249"}],"curies":[{"name":"wp","href":"https:\/\/api.w.org\/{rel}","templated":true}]}}