{"id":2243,"date":"2025-10-22T19:09:25","date_gmt":"2025-10-22T16:09:25","guid":{"rendered":"https:\/\/pipraveski.ee\/?post_type=product&#038;p=2243"},"modified":"2026-04-17T11:32:59","modified_gmt":"2026-04-17T08:32:59","slug":"kaste-melindas-thai-sweet-chili-kaste-ja-dipikaste-355ml","status":"publish","type":"product","link":"https:\/\/pipraveski.ee\/en\/product\/kaste-melindas-thai-sweet-chili-kaste-ja-dipikaste-355ml\/","title":{"rendered":"Sauce, Melinda`s Thai Sweet Chili sauce and dipping sauce, 355ml"},"content":{"rendered":"<p>Koostisained:&nbsp;Suhkur, vesi, valge \u00e4\u00e4dikas, Cayenne&#8217;i piprap\u00fcree, k\u00fc\u00fcslauk, modifitseeritud t\u00e4rklis, sool, k\u00fc\u00fcslauguhelbed, k\u00fc\u00fcslaugupulber<br \/>\nMay contain traces of nuts (coconut). The product has been manufactured in a factory where: eggs, soya beans, wheat are processed.<\/p>\n<p>Melinda filosoofia on lihtne &#8211; v\u00fcrtsikus ja maitse on k\u00f5ik. Melinda k\u00f6\u00f6gis valmistatakse Tai magusat t\u0161illikastet cayenne&#8217;i pipra, k\u00fc\u00fcslaugu ja puhta roosuhkru segamisel, et luua magus ja v\u00fcrtsikas kaste ja dipikaste. See kaste on magus, k\u00fc\u00fcslaugune, v\u00fcrtsikas ja maitsev!<\/p>\n<p>KASUTUS: Suurep\u00e4rane kevadrullide, munarullide, praetud v\u00f5i grillitud kana kastmeks. Ideaalne glasuurina r\u00f6stitud lihale.<\/p>\n<p><span style=\"font-size: 13px\">Nutrition information per 100 g<\/span><br style=\"font-size: 13px\" \/><br \/>\n<span style=\"font-size: 13px\">Energiasisaldus 836,36 kj\/ 200kcal<\/span><br style=\"font-size: 13px\" \/><br \/>\n<span style=\"font-size: 13px\">Fats 0,0 g<\/span><br style=\"font-size: 13px\" \/><br \/>\n<span style=\"font-size: 13px\">of which saturated fatty acids 0,0g<\/span><br style=\"font-size: 13px\" \/><br \/>\n<span style=\"font-size: 13px\">Carbohydrates 40g<\/span><br style=\"font-size: 13px\" \/><br \/>\n<span style=\"font-size: 13px\">millest suhkrud 40g<\/span><br style=\"font-size: 13px\" \/><br \/>\n<span style=\"font-size: 13px\">Protein 0,0 g<\/span><br style=\"font-size: 13px\" \/><br \/>\n<span style=\"font-size: 13px\">Sool 0,9g<\/p>\n<p>P\u00e4ritolumaa: Colombia<\/span><\/p>","protected":false},"excerpt":{"rendered":"<p>Melinda Tai magus t\u0161illikaste: Maitsev kaste ja dipikaste. <\/p>","protected":false},"featured_media":2273,"template":"","meta":[],"product_brand":[],"product_cat":[317],"product_tag":[],"class_list":{"0":"post-2243","1":"product","2":"type-product","3":"status-publish","4":"has-post-thumbnail","6":"product_cat-kastmed-sinepid-tsatnid","8":"first","9":"instock","10":"taxable","11":"shipping-taxable","12":"purchasable","13":"product-type-simple"},"_links":{"self":[{"href":"https:\/\/pipraveski.ee\/en\/wp-json\/wp\/v2\/product\/2243","targetHints":{"allow":["GET"]}}],"collection":[{"href":"https:\/\/pipraveski.ee\/en\/wp-json\/wp\/v2\/product"}],"about":[{"href":"https:\/\/pipraveski.ee\/en\/wp-json\/wp\/v2\/types\/product"}],"wp:featuredmedia":[{"embeddable":true,"href":"https:\/\/pipraveski.ee\/en\/wp-json\/wp\/v2\/media\/2273"}],"wp:attachment":[{"href":"https:\/\/pipraveski.ee\/en\/wp-json\/wp\/v2\/media?parent=2243"}],"wp:term":[{"taxonomy":"product_brand","embeddable":true,"href":"https:\/\/pipraveski.ee\/en\/wp-json\/wp\/v2\/product_brand?post=2243"},{"taxonomy":"product_cat","embeddable":true,"href":"https:\/\/pipraveski.ee\/en\/wp-json\/wp\/v2\/product_cat?post=2243"},{"taxonomy":"product_tag","embeddable":true,"href":"https:\/\/pipraveski.ee\/en\/wp-json\/wp\/v2\/product_tag?post=2243"}],"curies":[{"name":"wp","href":"https:\/\/api.w.org\/{rel}","templated":true}]}}