{"id":2242,"date":"2025-10-22T19:09:25","date_gmt":"2025-10-22T16:09:25","guid":{"rendered":"https:\/\/pipraveski.ee\/?post_type=product&#038;p=2242"},"modified":"2026-04-17T11:31:38","modified_gmt":"2026-04-17T08:31:38","slug":"tee-punase-sostra-maitsega-50g","status":"publish","type":"product","link":"https:\/\/pipraveski.ee\/en\/product\/tee-punase-sostra-maitsega-50g\/","title":{"rendered":"Tea, red currant flavoured, 50g"},"content":{"rendered":"<p><span style=\"font-size: 13px\">Koostisained:&nbsp;leedrimarjad, sultanad, hibiski \u00f5ied, l\u00f5hna- ja maitseaine, k\u00fclmkuivatatud terved murakad, k\u00fclmkuivatatud vaarikat\u00fckid, k\u00fclmkuivatatud hapukirsi t\u00fckid, musts\u00f5strad, mustikad.<\/span><\/p>\n<p><strong>Ingredients:<\/strong> leedrimarjad, rosinad, hibiskuse\u00f5ied, l\u00f5hna- ja maitseained, k\u00fclmkuivatatud terved murakad, k\u00fclmkuivatatud vaarikat\u00fckid, k\u00fclmkuivatatud hapukirsit\u00fckid, mustad s\u00f5strad, mustikad.<br \/>\n<br style=\"font-size: 13px\" \/><br \/>\n<span style=\"font-size: 13px\">&nbsp;Kasutusjuhend: 4-5 tl\/1 liiter, 100\u00b0C vee temperatuur, 10-12 minutit t\u00f5mbeaeg.<\/span><\/p>","protected":false},"excerpt":{"rendered":"<p>See valiksegu erinevatest marjadest, mida on rikastatud paljude punaste puuviljadega, on t\u00e4iendatud populaarse P\u00f5hja-Saksa magustoidu maitsega. Algne magustoit sarnaneb pudinguga, mis valmistatakse tervetest marjadest. Selles segus on nii hapukaid, m\u00f5rudaid kui ka magusaid ja marjaseid n\u00fcansse<\/p>","protected":false},"featured_media":2272,"template":"","meta":[],"product_brand":[],"product_cat":[327],"product_tag":[],"class_list":{"0":"post-2242","1":"product","2":"type-product","3":"status-publish","4":"has-post-thumbnail","6":"product_cat-kohv-tee","8":"first","9":"instock","10":"taxable","11":"shipping-taxable","12":"purchasable","13":"product-type-simple"},"_links":{"self":[{"href":"https:\/\/pipraveski.ee\/en\/wp-json\/wp\/v2\/product\/2242","targetHints":{"allow":["GET"]}}],"collection":[{"href":"https:\/\/pipraveski.ee\/en\/wp-json\/wp\/v2\/product"}],"about":[{"href":"https:\/\/pipraveski.ee\/en\/wp-json\/wp\/v2\/types\/product"}],"wp:featuredmedia":[{"embeddable":true,"href":"https:\/\/pipraveski.ee\/en\/wp-json\/wp\/v2\/media\/2272"}],"wp:attachment":[{"href":"https:\/\/pipraveski.ee\/en\/wp-json\/wp\/v2\/media?parent=2242"}],"wp:term":[{"taxonomy":"product_brand","embeddable":true,"href":"https:\/\/pipraveski.ee\/en\/wp-json\/wp\/v2\/product_brand?post=2242"},{"taxonomy":"product_cat","embeddable":true,"href":"https:\/\/pipraveski.ee\/en\/wp-json\/wp\/v2\/product_cat?post=2242"},{"taxonomy":"product_tag","embeddable":true,"href":"https:\/\/pipraveski.ee\/en\/wp-json\/wp\/v2\/product_tag?post=2242"}],"curies":[{"name":"wp","href":"https:\/\/api.w.org\/{rel}","templated":true}]}}