{"id":2241,"date":"2025-10-22T19:09:25","date_gmt":"2025-10-22T16:09:25","guid":{"rendered":"https:\/\/pipraveski.ee\/?post_type=product&#038;p=2241"},"modified":"2026-04-17T11:31:37","modified_gmt":"2026-04-17T08:31:37","slug":"seesamiseemne-pasta-e-tahini-ceren-300g","status":"publish","type":"product","link":"https:\/\/pipraveski.ee\/en\/product\/seesamiseemne-pasta-e-tahini-ceren-300g\/","title":{"rendered":"Sesame seed pasta e. TAHINI, Ceren, 300g"},"content":{"rendered":"<p>Tahini on tummine seesamiseemne pasta valmistatud k\u00f5rge kvaliteediga seesamiseemnetest.<br \/>\nLevinud rohkelt P\u00f5hja-Aafrika, Kreeka, T\u00fcrgi ja Kesk-Aasia toitude juures, see on n\u00e4iteks \u00fcks halvaa v\u00f5i baba ganoushi p\u00f5hikomponente.<br \/>\n\u200b<br \/>\nKasuta hummuse v\u00f5i tahinikastme valmistamiseks, et lisada s\u00fcgavat p\u00e4hklist maitset.<br \/>\nLisa salatitele, suppidele, wokkidele, k\u00fcpsetistele ja paljule muule huvitava maitse saamiseks, n\u00e4iteks maap\u00e4hkliv\u00f5i asemel v\u00f5i kasuta lihtsalt dippimiseks.<\/p>\n<p>Koostisosad: SEESAMIseemned&nbsp;100%.<br \/>\nStore in the refrigerator after opening.<\/p>\n<p>Nutrition information per 100g:<br \/>\nEnergiasisaldus 2600kJ\/621kcal<br \/>\nRasvad 59g<br \/>\nmillest k\u00fcllastunud rasvhapped 2g<br \/>\nCarbohydrates 21g<br \/>\nof which sugars 0g<br \/>\nValgud 20g<br \/>\nSalt 0g<\/p>","protected":false},"excerpt":{"rendered":"<p>Tummine seesamiseemne pasta seesamiseemnetest.<\/p>","protected":false},"featured_media":2271,"template":"","meta":[],"product_brand":[270],"product_cat":[323],"product_tag":[],"class_list":{"0":"post-2241","1":"product","2":"type-product","3":"status-publish","4":"has-post-thumbnail","6":"product_brand-ceren","7":"product_cat-konservid","9":"first","10":"instock","11":"taxable","12":"shipping-taxable","13":"purchasable","14":"product-type-simple"},"_links":{"self":[{"href":"https:\/\/pipraveski.ee\/en\/wp-json\/wp\/v2\/product\/2241","targetHints":{"allow":["GET"]}}],"collection":[{"href":"https:\/\/pipraveski.ee\/en\/wp-json\/wp\/v2\/product"}],"about":[{"href":"https:\/\/pipraveski.ee\/en\/wp-json\/wp\/v2\/types\/product"}],"wp:featuredmedia":[{"embeddable":true,"href":"https:\/\/pipraveski.ee\/en\/wp-json\/wp\/v2\/media\/2271"}],"wp:attachment":[{"href":"https:\/\/pipraveski.ee\/en\/wp-json\/wp\/v2\/media?parent=2241"}],"wp:term":[{"taxonomy":"product_brand","embeddable":true,"href":"https:\/\/pipraveski.ee\/en\/wp-json\/wp\/v2\/product_brand?post=2241"},{"taxonomy":"product_cat","embeddable":true,"href":"https:\/\/pipraveski.ee\/en\/wp-json\/wp\/v2\/product_cat?post=2241"},{"taxonomy":"product_tag","embeddable":true,"href":"https:\/\/pipraveski.ee\/en\/wp-json\/wp\/v2\/product_tag?post=2241"}],"curies":[{"name":"wp","href":"https:\/\/api.w.org\/{rel}","templated":true}]}}