{"id":2238,"date":"2025-10-22T19:09:25","date_gmt":"2025-10-22T16:09:25","guid":{"rendered":"https:\/\/pipraveski.ee\/?post_type=product&#038;p=2238"},"modified":"2026-04-17T11:32:14","modified_gmt":"2026-04-17T08:32:14","slug":"kuuslaugu-graanulid-zip-20g","status":"publish","type":"product","link":"https:\/\/pipraveski.ee\/en\/product\/kuuslaugu-graanulid-zip-20g\/","title":{"rendered":"K\u00fc\u00fcslaugu graanulid, 50g"},"content":{"rendered":"<p><span style=\", Verdana, Geneva, sans-serif\">K\u00fc\u00fcslaugugraanulid sobivad&nbsp;erinevate taime- ja lihatoitude maitsestamiseks. S<\/span><span style=\", Verdana, Geneva, sans-serif\">alatite, suppide, kastmete, liha, lisandite ja munaroogade valmistamiseks.<\/span><br style=\", Verdana, Geneva, sans-serif\" \/><br \/>\n<span style=\", Verdana, Geneva, sans-serif\">Ingredients: garlic.&nbsp;<br \/>\nV\u00f5ib sisaldada selleri, maap\u00e4hklite, seesamiseemnete, <strong>sinepi<\/strong>, soja, <strong>gluteeni<\/strong> sisaldavate teraviljade ja nende toodete j\u00e4lgi.<\/span><\/p>","protected":false},"excerpt":{"rendered":"<p>K\u00fc\u00fcslaugugraanulid sobivad&nbsp;erinevate taime- ja lihatoitude maitsestamiseks. Salatite, suppide, kastmete, liha, lisandite ja munaroogade valmistamiseks. Koostisosad: k\u00fc\u00fcslauk.&nbsp; V\u00f5ib sisaldada selleri, maap\u00e4hklite, seesamiseemnete, sinepi, soja, gluteeni sisaldavate teraviljade ja nende toodete j\u00e4lgi.<\/p>","protected":false},"featured_media":2268,"template":"","meta":[],"product_brand":[],"product_cat":[338],"product_tag":[],"class_list":{"0":"post-2238","1":"product","2":"type-product","3":"status-publish","4":"has-post-thumbnail","6":"product_cat-puhtad-maitsed","8":"first","9":"outofstock","10":"taxable","11":"shipping-taxable","12":"purchasable","13":"product-type-simple"},"_links":{"self":[{"href":"https:\/\/pipraveski.ee\/en\/wp-json\/wp\/v2\/product\/2238","targetHints":{"allow":["GET"]}}],"collection":[{"href":"https:\/\/pipraveski.ee\/en\/wp-json\/wp\/v2\/product"}],"about":[{"href":"https:\/\/pipraveski.ee\/en\/wp-json\/wp\/v2\/types\/product"}],"wp:featuredmedia":[{"embeddable":true,"href":"https:\/\/pipraveski.ee\/en\/wp-json\/wp\/v2\/media\/2268"}],"wp:attachment":[{"href":"https:\/\/pipraveski.ee\/en\/wp-json\/wp\/v2\/media?parent=2238"}],"wp:term":[{"taxonomy":"product_brand","embeddable":true,"href":"https:\/\/pipraveski.ee\/en\/wp-json\/wp\/v2\/product_brand?post=2238"},{"taxonomy":"product_cat","embeddable":true,"href":"https:\/\/pipraveski.ee\/en\/wp-json\/wp\/v2\/product_cat?post=2238"},{"taxonomy":"product_tag","embeddable":true,"href":"https:\/\/pipraveski.ee\/en\/wp-json\/wp\/v2\/product_tag?post=2238"}],"curies":[{"name":"wp","href":"https:\/\/api.w.org\/{rel}","templated":true}]}}