{"id":2235,"date":"2025-10-22T19:09:25","date_gmt":"2025-10-22T16:09:25","guid":{"rendered":"https:\/\/pipraveski.ee\/?post_type=product&#038;p=2235"},"modified":"2026-04-17T11:32:15","modified_gmt":"2026-04-17T08:32:15","slug":"pulgakomm-chilli-ja-cola-maitseline-1tk","status":"publish","type":"product","link":"https:\/\/pipraveski.ee\/en\/product\/pulgakomm-chilli-ja-cola-maitseline-1tk\/","title":{"rendered":"Sticky Candy, Chilli and Cola flavoured 1pc"},"content":{"rendered":"<div class=\"content--title\" style=\"margin: 0.625rem 0rem 0.3125rem;font-weight: 700;, sans-serif\">\n<p style=\"line-height: 1.625rem;margin: 0.625rem 0rem;, sans-serif\"><span style=\"font-size: 12px\">V<\/span><span style=\"font-size: 14px\">\u00e4rske, magus ja eriti kuumad pulgakommis.<\/span><br \/>\nHoiatus v\u00fcrtsikuse kohta:&nbsp;<span style=\", sans-serif;font-size: 15px\">Kuumad ja v\u00fcrtsikad maiustused ei tohiks sattuda v\u00e4ikeste laste k\u00e4tte. Hoida turvalises kohas.<\/span><\/p>\n<\/div>\n<p><span style=\", sans-serif;font-size: 15px\"><strong>Ingredients:<\/strong>&nbsp;Suhkur, gl\u00fckoosisiirup, hapestaja: sidrunhape, v\u00e4rvaine: taimne s\u00fcsinik, looduslik l\u00f5hna- ja maitseaine, paprika (t\u0161illiekstrakt).&nbsp;<\/span><\/p>\n<p><strong>Nutrition information per 100g:<\/strong><br \/>\nEnergiasisaldus 1555 kJ \/ 373,7 kcal<br \/>\nFats 0,0g<br \/>\nK\u00fcllastunud rasvhappeid 0,0g<br \/>\nS\u00fcsivesikuid 89,9g<br \/>\nSuhkruid 89,6g<br \/>\nValgud 0,1g<br \/>\nSalt 0,0g<\/p>","protected":false},"excerpt":{"rendered":"<p>V\u00e4rske, magus ja eriti kuumad pulgakommis. Hoiatus v\u00fcrtsikuse kohta:&nbsp;Kuumad ja v\u00fcrtsikad maiustused ei tohiks sattuda v\u00e4ikeste laste k\u00e4tte. Hoida turvalises kohas. Koostisosad:&nbsp;Suhkur, gl\u00fckoosisiirup, hapestaja: sidrunhape, v\u00e4rvaine: taimne s\u00fcsinik, looduslik l\u00f5hna- ja maitseaine, paprika (t\u0161illiekstrakt).&nbsp; Toitumisalane teave 100g kohta: Energiasisaldus 1555 kJ \/ 373,7 kcal Rasvad 0,0g K\u00fcllastunud rasvhappeid 0,0g S\u00fcsivesikuid 89,9g Suhkruid 89,6g Valgud 0,1g [&hellip;]<\/p>\n","protected":false},"featured_media":2265,"template":"","meta":[],"product_brand":[],"product_cat":[324],"product_tag":[],"class_list":{"0":"post-2235","1":"product","2":"type-product","3":"status-publish","4":"has-post-thumbnail","6":"product_cat-maiustused-snakid","8":"first","9":"instock","10":"taxable","11":"shipping-taxable","12":"purchasable","13":"product-type-simple"},"_links":{"self":[{"href":"https:\/\/pipraveski.ee\/en\/wp-json\/wp\/v2\/product\/2235","targetHints":{"allow":["GET"]}}],"collection":[{"href":"https:\/\/pipraveski.ee\/en\/wp-json\/wp\/v2\/product"}],"about":[{"href":"https:\/\/pipraveski.ee\/en\/wp-json\/wp\/v2\/types\/product"}],"wp:featuredmedia":[{"embeddable":true,"href":"https:\/\/pipraveski.ee\/en\/wp-json\/wp\/v2\/media\/2265"}],"wp:attachment":[{"href":"https:\/\/pipraveski.ee\/en\/wp-json\/wp\/v2\/media?parent=2235"}],"wp:term":[{"taxonomy":"product_brand","embeddable":true,"href":"https:\/\/pipraveski.ee\/en\/wp-json\/wp\/v2\/product_brand?post=2235"},{"taxonomy":"product_cat","embeddable":true,"href":"https:\/\/pipraveski.ee\/en\/wp-json\/wp\/v2\/product_cat?post=2235"},{"taxonomy":"product_tag","embeddable":true,"href":"https:\/\/pipraveski.ee\/en\/wp-json\/wp\/v2\/product_tag?post=2235"}],"curies":[{"name":"wp","href":"https:\/\/api.w.org\/{rel}","templated":true}]}}