{"id":2232,"date":"2025-10-22T19:09:25","date_gmt":"2025-10-22T16:09:25","guid":{"rendered":"https:\/\/pipraveski.ee\/?post_type=product&#038;p=2232"},"modified":"2026-04-17T11:32:50","modified_gmt":"2026-04-17T08:32:50","slug":"aniis-jahvatatud-20g","status":"publish","type":"product","link":"https:\/\/pipraveski.ee\/en\/product\/aniis-jahvatatud-20g\/","title":{"rendered":"Anise, ground, 20g"},"content":{"rendered":"<p style=\"margin: 0px 0px 1.41575em;letter-spacing: 0.2px;font-size: medium;line-height: 1.5;height: fit-content;color: var(--main-text-color);, sans-serif\">Anise is a warm, liquorice-flavoured spice with a sweet aroma. Not to be confused with star anise, which has a spicier, stronger flavour.<\/p>\n<p style=\"margin: 1em 0px 1.41575em;letter-spacing: 0.2px;font-size: medium;line-height: 1.5;height: fit-content;color: var(--main-text-color);, sans-serif\">Aniseed is used for flavouring baked goods, for example, and is added to muffins, cakes, desserts, compotes and stews. It is also suitable for flavouring various drinks.<\/p>","protected":false},"excerpt":{"rendered":"<p>Aniis on soe, lagritsa maitseline, magusa aroomiga v\u00fcrts. Mitte segamini ajada t\u00e4htaniisiga, mille maitse on v\u00fcrtsikam ja tugevam. Aniisi kasutatakse n\u00e4iteks pagaritoodete maitsestamiseks, lisatakse kuklitele-saiadele, kookidele, magustoitudele, kompottidele ja keedistele. Sobib ka erinevate jookide maitsestamiseks.<\/p>","protected":false},"featured_media":2262,"template":"","meta":[],"product_brand":[],"product_cat":[338],"product_tag":[],"class_list":{"0":"post-2232","1":"product","2":"type-product","3":"status-publish","4":"has-post-thumbnail","6":"product_cat-puhtad-maitsed","8":"first","9":"instock","10":"taxable","11":"shipping-taxable","12":"purchasable","13":"product-type-simple"},"_links":{"self":[{"href":"https:\/\/pipraveski.ee\/en\/wp-json\/wp\/v2\/product\/2232","targetHints":{"allow":["GET"]}}],"collection":[{"href":"https:\/\/pipraveski.ee\/en\/wp-json\/wp\/v2\/product"}],"about":[{"href":"https:\/\/pipraveski.ee\/en\/wp-json\/wp\/v2\/types\/product"}],"wp:featuredmedia":[{"embeddable":true,"href":"https:\/\/pipraveski.ee\/en\/wp-json\/wp\/v2\/media\/2262"}],"wp:attachment":[{"href":"https:\/\/pipraveski.ee\/en\/wp-json\/wp\/v2\/media?parent=2232"}],"wp:term":[{"taxonomy":"product_brand","embeddable":true,"href":"https:\/\/pipraveski.ee\/en\/wp-json\/wp\/v2\/product_brand?post=2232"},{"taxonomy":"product_cat","embeddable":true,"href":"https:\/\/pipraveski.ee\/en\/wp-json\/wp\/v2\/product_cat?post=2232"},{"taxonomy":"product_tag","embeddable":true,"href":"https:\/\/pipraveski.ee\/en\/wp-json\/wp\/v2\/product_tag?post=2232"}],"curies":[{"name":"wp","href":"https:\/\/api.w.org\/{rel}","templated":true}]}}