{"id":2230,"date":"2025-10-22T19:09:25","date_gmt":"2025-10-22T16:09:25","guid":{"rendered":"https:\/\/pipraveski.ee\/?post_type=product&#038;p=2230"},"modified":"2026-04-17T11:33:15","modified_gmt":"2026-04-17T08:33:15","slug":"cayenne-jahvatatud-1kg","status":"publish","type":"product","link":"https:\/\/pipraveski.ee\/en\/product\/cayenne-jahvatatud-1kg\/","title":{"rendered":"Cayenne, ground, 1kg"},"content":{"rendered":"<p>Cayenne pepper - a spicy red pepper that adds a hot flavour to food (same level of sharpness as Tabasco pepper). Cayenne is more than 10 times stronger than jalapeno but cannot be compared to Habanero.<br \/>\nUses: seafood, egg dishes, cheese dishes, curries, sauces, dipping sauces, fried and grilled meats, chicken, potato and rice dishes.<\/p>\n<p><span style=\"font-size:12px\"><span style=\"font-family: opensans-regular-webfont, Arial, Tahoma\">Cayenne pepper is rich in vitamin C, which helps to strengthen the immune system and lower the risk of inflammation.<\/span><br \/>\n<span style=\"font-family: opensans-regular-webfont, Arial, Tahoma\">Cayenne contains B vitamins, which are essential for the body's energy production, and aid in the metabolism of fats, proteins and carbohydrates.<br \/>\nCayenne is rich in calcium, manganese and potassium, and it is the latter that makes cayenne an important aid for cardiovascular disease.<\/span><\/span><\/p>","protected":false},"excerpt":{"rendered":"<p>Cayenne pipar &#8211; v\u00fcrtsikas punane pipar, mis lisab toitudele tulist maitset (sama teravusaste Tabasco pipraga). Cayenne on jalapenost \u00fcle 10 korra tugevam kuid Habaneroga seda v\u00f5rrelda ei anna. Kasutamine: mereannid, munatoidud, juustutoidud, karrid, kastmed, dipikastmed, praetud ja grillitud liha, broileri-, kartuli- ja riisitoidud. Cayenne\u2019i pipar sisaldab rohkesti C-vitamiini, mis aitab tugevdada immuuns\u00fcsteemi ja alandada p\u00f5letike [&hellip;]<\/p>\n","protected":false},"featured_media":2260,"template":"","meta":[],"product_brand":[],"product_cat":[338],"product_tag":[],"class_list":{"0":"post-2230","1":"product","2":"type-product","3":"status-publish","4":"has-post-thumbnail","6":"product_cat-puhtad-maitsed","8":"first","9":"instock","10":"taxable","11":"shipping-taxable","12":"purchasable","13":"product-type-simple"},"_links":{"self":[{"href":"https:\/\/pipraveski.ee\/en\/wp-json\/wp\/v2\/product\/2230","targetHints":{"allow":["GET"]}}],"collection":[{"href":"https:\/\/pipraveski.ee\/en\/wp-json\/wp\/v2\/product"}],"about":[{"href":"https:\/\/pipraveski.ee\/en\/wp-json\/wp\/v2\/types\/product"}],"wp:featuredmedia":[{"embeddable":true,"href":"https:\/\/pipraveski.ee\/en\/wp-json\/wp\/v2\/media\/2260"}],"wp:attachment":[{"href":"https:\/\/pipraveski.ee\/en\/wp-json\/wp\/v2\/media?parent=2230"}],"wp:term":[{"taxonomy":"product_brand","embeddable":true,"href":"https:\/\/pipraveski.ee\/en\/wp-json\/wp\/v2\/product_brand?post=2230"},{"taxonomy":"product_cat","embeddable":true,"href":"https:\/\/pipraveski.ee\/en\/wp-json\/wp\/v2\/product_cat?post=2230"},{"taxonomy":"product_tag","embeddable":true,"href":"https:\/\/pipraveski.ee\/en\/wp-json\/wp\/v2\/product_tag?post=2230"}],"curies":[{"name":"wp","href":"https:\/\/api.w.org\/{rel}","templated":true}]}}