{"id":2228,"date":"2025-10-22T19:09:25","date_gmt":"2025-10-22T16:09:25","guid":{"rendered":"https:\/\/pipraveski.ee\/?post_type=product&#038;p=2228"},"modified":"2026-04-17T11:33:10","modified_gmt":"2026-04-17T08:33:10","slug":"vanilliekstrakt-28ml","status":"publish","type":"product","link":"https:\/\/pipraveski.ee\/en\/product\/vanilliekstrakt-28ml\/","title":{"rendered":"Vanilla extract, 28ml"},"content":{"rendered":"<p>Vanilla extract for baking and flavouring in cakes, muffins, coffee drinks, smoothies, pancake batter, vanilla ice cream or vanilla custard.<\/p>\n<p>Koostisosad: Prop\u00fcleengl\u00fckool, vesi, aroom, v\u00e4rvaine: E150d, happesuse regulaator: E330, s\u00e4ilitusaine: E211<\/p>\n<p>Nutrition information per 100 grams<br \/>\n&nbsp;Energy content 762kj \/182kcal<br \/>\n&nbsp;Fats 3g<br \/>\n&nbsp;Of which saturated fats 1.5g<br \/>\n&nbsp;Carbohydrates 0g<br \/>\n&nbsp;Of which sugars 5g<br \/>\n&nbsp;Fibre 0g<br \/>\n&nbsp;Protein 0g<br \/>\n&nbsp;Salt 0.3g<\/p>","protected":false},"excerpt":{"rendered":"<p>Vanilliekstrakt k\u00fcpsetamiseks ja maitsestamiseks kookides, kuklites, kohvijookides, smuutides, pannkoogitaignas, vanillij\u00e4\u00e4tises v\u00f5i vanillikreemis. Koostisosad: Prop\u00fcleengl\u00fckool, vesi, aroom, v\u00e4rvaine: E150d, happesuse regulaator: E330, s\u00e4ilitusaine: E211 Toitumisalane teave 100 grammi kohta &nbsp;Energiasisaldus&nbsp; 762kj \/182kcal &nbsp;Rasvad 3g &nbsp;Millest k\u00fcllastunud rasvad 1.5g &nbsp;S\u00fcsivesikud 0g &nbsp;Millest suhkrud 5g &nbsp;Kiudained 0g &nbsp;Valgud 0g &nbsp;Sool 0.3g<\/p>","protected":false},"featured_media":2258,"template":"","meta":[],"product_brand":[],"product_cat":[340],"product_tag":[],"class_list":{"0":"post-2228","1":"product","2":"type-product","3":"status-publish","4":"has-post-thumbnail","6":"product_cat-ekstraktid","8":"first","9":"instock","10":"taxable","11":"shipping-taxable","12":"purchasable","13":"product-type-simple"},"_links":{"self":[{"href":"https:\/\/pipraveski.ee\/en\/wp-json\/wp\/v2\/product\/2228","targetHints":{"allow":["GET"]}}],"collection":[{"href":"https:\/\/pipraveski.ee\/en\/wp-json\/wp\/v2\/product"}],"about":[{"href":"https:\/\/pipraveski.ee\/en\/wp-json\/wp\/v2\/types\/product"}],"wp:featuredmedia":[{"embeddable":true,"href":"https:\/\/pipraveski.ee\/en\/wp-json\/wp\/v2\/media\/2258"}],"wp:attachment":[{"href":"https:\/\/pipraveski.ee\/en\/wp-json\/wp\/v2\/media?parent=2228"}],"wp:term":[{"taxonomy":"product_brand","embeddable":true,"href":"https:\/\/pipraveski.ee\/en\/wp-json\/wp\/v2\/product_brand?post=2228"},{"taxonomy":"product_cat","embeddable":true,"href":"https:\/\/pipraveski.ee\/en\/wp-json\/wp\/v2\/product_cat?post=2228"},{"taxonomy":"product_tag","embeddable":true,"href":"https:\/\/pipraveski.ee\/en\/wp-json\/wp\/v2\/product_tag?post=2228"}],"curies":[{"name":"wp","href":"https:\/\/api.w.org\/{rel}","templated":true}]}}