{"id":2197,"date":"2025-10-22T19:09:11","date_gmt":"2025-10-22T16:09:11","guid":{"rendered":"https:\/\/pipraveski.ee\/?post_type=product&#038;p=2197"},"modified":"2026-04-17T11:31:42","modified_gmt":"2026-04-17T08:31:42","slug":"soolaveski-capstan-hele-puit-165cm-cole-and-mason","status":"publish","type":"product","link":"https:\/\/pipraveski.ee\/en\/product\/soolaveski-capstan-hele-puit-165cm-cole-and-mason\/","title":{"rendered":"Soolaveski Capstan, hele puit, 16,5cm, Cole and Mason"},"content":{"rendered":"<p><span style=\"font-family: Roboto, sans-serif;font-size: 18px\">Cole &amp; Mason seasoned cookware is a great performer, from the way it feels in your hand to the way it looks in the kitchen or on the table.<br \/>\nNaturaalne p\u00f6\u00f6gi soolaveski. Vedruga mehhanism \u00b7 Reguleeritav peen kuni j\u00e4me jahvatus T\u00e4ppisjahvatusmehhanism. T\u00e4itmata.<\/span><br \/>\n&nbsp;<\/p>","protected":false},"excerpt":{"rendered":"<p>Cole &amp; Masoni maitseainetega k\u00f6\u00f6gin\u00f5ud on suurep\u00e4rase j\u00f5udlusega, alates sellest, kuidas see k\u00e4es tundub, l\u00f5petades sellega, kuidas see k\u00f6\u00f6gis v\u00f5i laual v\u00e4lja n\u00e4eb. Naturaalne p\u00f6\u00f6gi soolaveski. Vedruga mehhanism \u00b7 Reguleeritav peen kuni j\u00e4me jahvatus T\u00e4ppisjahvatusmehhanism. T\u00e4itmata. &nbsp;<\/p>","protected":false},"featured_media":2226,"template":"","meta":[],"product_brand":[],"product_cat":[330],"product_tag":[],"class_list":{"0":"post-2197","1":"product","2":"type-product","3":"status-publish","4":"has-post-thumbnail","6":"product_cat-koogitarvikud","8":"first","9":"instock","10":"taxable","11":"shipping-taxable","12":"purchasable","13":"product-type-simple"},"_links":{"self":[{"href":"https:\/\/pipraveski.ee\/en\/wp-json\/wp\/v2\/product\/2197","targetHints":{"allow":["GET"]}}],"collection":[{"href":"https:\/\/pipraveski.ee\/en\/wp-json\/wp\/v2\/product"}],"about":[{"href":"https:\/\/pipraveski.ee\/en\/wp-json\/wp\/v2\/types\/product"}],"wp:featuredmedia":[{"embeddable":true,"href":"https:\/\/pipraveski.ee\/en\/wp-json\/wp\/v2\/media\/2226"}],"wp:attachment":[{"href":"https:\/\/pipraveski.ee\/en\/wp-json\/wp\/v2\/media?parent=2197"}],"wp:term":[{"taxonomy":"product_brand","embeddable":true,"href":"https:\/\/pipraveski.ee\/en\/wp-json\/wp\/v2\/product_brand?post=2197"},{"taxonomy":"product_cat","embeddable":true,"href":"https:\/\/pipraveski.ee\/en\/wp-json\/wp\/v2\/product_cat?post=2197"},{"taxonomy":"product_tag","embeddable":true,"href":"https:\/\/pipraveski.ee\/en\/wp-json\/wp\/v2\/product_tag?post=2197"}],"curies":[{"name":"wp","href":"https:\/\/api.w.org\/{rel}","templated":true}]}}