{"id":2192,"date":"2025-10-22T19:09:11","date_gmt":"2025-10-22T16:09:11","guid":{"rendered":"https:\/\/pipraveski.ee\/?post_type=product&#038;p=2192"},"modified":"2026-04-17T11:32:52","modified_gmt":"2026-04-17T08:32:52","slug":"metsik-must-pipar-60g","status":"publish","type":"product","link":"https:\/\/pipraveski.ee\/en\/product\/metsik-must-pipar-60g\/","title":{"rendered":"Metsik must pipar, 60g"},"content":{"rendered":"<p>Metsikult kasvav must pipar, terve, puidu ja mulla l\u00f5hnaga, sidruni ja lillede v\u00e4rskete nootidega. Suurep\u00e4rane salati, liha, valge kala, kartuliroogade, valge juustu, puuviljamagustoitude ja \u0161okolaadiga.<\/p>\n<p>P\u00e4ritolumaa: Madagaskar<br \/>\n&nbsp;<\/p>","protected":false},"excerpt":{"rendered":"<p>Metsikult kasvav must pipar, terve, puidu ja mulla l\u00f5hnaga, sidruni ja lillede v\u00e4rskete nootidega. Suurep\u00e4rane salati, liha, valge kala, kartuliroogade, valge juustu, puuviljamagustoitude ja \u0161okolaadiga. P\u00e4ritolumaa: Madagaskar &nbsp;<\/p>","protected":false},"featured_media":2221,"template":"","meta":[],"product_brand":[],"product_cat":[338],"product_tag":[],"class_list":{"0":"post-2192","1":"product","2":"type-product","3":"status-publish","4":"has-post-thumbnail","6":"product_cat-puhtad-maitsed","8":"first","9":"instock","10":"taxable","11":"shipping-taxable","12":"purchasable","13":"product-type-simple"},"_links":{"self":[{"href":"https:\/\/pipraveski.ee\/en\/wp-json\/wp\/v2\/product\/2192","targetHints":{"allow":["GET"]}}],"collection":[{"href":"https:\/\/pipraveski.ee\/en\/wp-json\/wp\/v2\/product"}],"about":[{"href":"https:\/\/pipraveski.ee\/en\/wp-json\/wp\/v2\/types\/product"}],"wp:featuredmedia":[{"embeddable":true,"href":"https:\/\/pipraveski.ee\/en\/wp-json\/wp\/v2\/media\/2221"}],"wp:attachment":[{"href":"https:\/\/pipraveski.ee\/en\/wp-json\/wp\/v2\/media?parent=2192"}],"wp:term":[{"taxonomy":"product_brand","embeddable":true,"href":"https:\/\/pipraveski.ee\/en\/wp-json\/wp\/v2\/product_brand?post=2192"},{"taxonomy":"product_cat","embeddable":true,"href":"https:\/\/pipraveski.ee\/en\/wp-json\/wp\/v2\/product_cat?post=2192"},{"taxonomy":"product_tag","embeddable":true,"href":"https:\/\/pipraveski.ee\/en\/wp-json\/wp\/v2\/product_tag?post=2192"}],"curies":[{"name":"wp","href":"https:\/\/api.w.org\/{rel}","templated":true}]}}