{"id":2191,"date":"2025-10-22T19:09:11","date_gmt":"2025-10-22T16:09:11","guid":{"rendered":"https:\/\/pipraveski.ee\/?post_type=product&#038;p=2191"},"modified":"2026-04-17T11:32:56","modified_gmt":"2026-04-17T08:32:56","slug":"teekarud-soo-voi-joo-kaneeli-ja-apelsinimaitsega-125g","status":"publish","type":"product","link":"https:\/\/pipraveski.ee\/en\/product\/teekarud-soo-voi-joo-kaneeli-ja-apelsinimaitsega-125g\/","title":{"rendered":"Teacups \u201cEat or Drink\u201d cinnamon and orange flavoured, 125g"},"content":{"rendered":"<p>New sensational products in our range - TEEKARUDS<\/p>\n<p>Make them into a delicious tea or quench your sweet tooth.<\/p>\n<p>Place 2-3 teaspoons in a cup of boiled water.<br \/>\n.<br \/>\nIngredients: sugar, glucose syrup, gelatine, water, grape concentrate, acidifier: citric acid, natural flavours, grape extract, plant extracts (red radish, salflor), natural fruit sugars, apple juice concentrate, apricot juice concentrate, pear juice concentrate, pear juice concentrate, coating agent: palm wax.<\/p>\n<p>Nutrition information per 100g:<br \/>\nEnergy 1500kJ \/ 353 kcal<br \/>\nFat 0,5g<br \/>\nof which unsurprising fatty acids 0,5g<br \/>\nCarbohydrates 81g<br \/>\nof which sugars 71g<br \/>\nProtein 4,7g<br \/>\nSalt 0,09g<\/p>","protected":false},"excerpt":{"rendered":"<p>Uued sensatsioonilised tooted meie sortimendis &#8211; TEEKARUD Valmista neist maitsev tee v\u00f5i kustuta magusaisu. Aseta 2-3 teekaru \u00fchte tassi keedetud vette . Koostisosad: suhkur, gl\u00fckoosisiirup, \u017eelatiin, vesi, viinamarja kontsentraat, hapestaja: sidrunhape, looduslikud aroomid, viinamarjaekstrakt, taimsed ekstraktid (punaredis, salfloor), looduslikud puuviljasuhkrud, \u00f5unamahlakontsentraat, aprikoosimahla kontsentraat, pirnimahla kontsentraat, pirnimahla kontsentraat, katteaine: palmivaha. Toitumisalane teave 100g kohta: Energia 1500kJ [&hellip;]<\/p>\n","protected":false},"featured_media":2220,"template":"","meta":[],"product_brand":[],"product_cat":[327],"product_tag":[],"class_list":{"0":"post-2191","1":"product","2":"type-product","3":"status-publish","4":"has-post-thumbnail","6":"product_cat-kohv-tee","8":"first","9":"outofstock","10":"taxable","11":"shipping-taxable","12":"purchasable","13":"product-type-simple"},"_links":{"self":[{"href":"https:\/\/pipraveski.ee\/en\/wp-json\/wp\/v2\/product\/2191","targetHints":{"allow":["GET"]}}],"collection":[{"href":"https:\/\/pipraveski.ee\/en\/wp-json\/wp\/v2\/product"}],"about":[{"href":"https:\/\/pipraveski.ee\/en\/wp-json\/wp\/v2\/types\/product"}],"wp:featuredmedia":[{"embeddable":true,"href":"https:\/\/pipraveski.ee\/en\/wp-json\/wp\/v2\/media\/2220"}],"wp:attachment":[{"href":"https:\/\/pipraveski.ee\/en\/wp-json\/wp\/v2\/media?parent=2191"}],"wp:term":[{"taxonomy":"product_brand","embeddable":true,"href":"https:\/\/pipraveski.ee\/en\/wp-json\/wp\/v2\/product_brand?post=2191"},{"taxonomy":"product_cat","embeddable":true,"href":"https:\/\/pipraveski.ee\/en\/wp-json\/wp\/v2\/product_cat?post=2191"},{"taxonomy":"product_tag","embeddable":true,"href":"https:\/\/pipraveski.ee\/en\/wp-json\/wp\/v2\/product_tag?post=2191"}],"curies":[{"name":"wp","href":"https:\/\/api.w.org\/{rel}","templated":true}]}}