{"id":2190,"date":"2025-10-22T19:09:11","date_gmt":"2025-10-22T16:09:11","guid":{"rendered":"https:\/\/pipraveski.ee\/?post_type=product&#038;p=2190"},"modified":"2026-04-17T11:32:25","modified_gmt":"2026-04-17T08:32:25","slug":"ingveri-kaste-thaidancer-300ml","status":"publish","type":"product","link":"https:\/\/pipraveski.ee\/en\/product\/ingveri-kaste-thaidancer-300ml\/","title":{"rendered":"Ginger sauce, ThaiDancer, 300ml"},"content":{"rendered":"<p>Kerge ingveri ja t\u0161illi maitseline soja baasil valminud kaste.<br \/>\nLisa julgelt k\u00f5ikjale, mis otsib seda kerget v\u00fcrtsikat maitselisa.<br \/>\nEriti h\u00e4sti sobib aasiap\u00e4raste roogade juurde, nt kana, mereandide, riisipallide jms k\u00f5rvale.<\/p>\n<p>Kunstlike v\u00e4rvainete vaba.<\/p>\n<p>Koostisosad: SOJAOA pasta (SOJAOAD, NISU jahu, sool, vesi, suhkur), vesi, suhkur, punane t\u0161illi, ingver 6%, k\u00fc\u00fcslauk, destilleeritud \u00e4\u00e4dikas, magus SOJA kaste (SOJAOAD, suhkur, vesi, gl\u00fckoosisiirup, sool), modifitseeritud maisi t\u00e4rklis, stabilisaator: E415, maitsetugevdaja: E621, s\u00e4ilitusaine: E211.<br \/>\nStore in the refrigerator after opening.<\/p>\n<p>Nutrition information per 100ml:<br \/>\nEnergiasisaldus 460kJ\/110kcal<br \/>\nRasvad 1,7g<br \/>\nof which saturated fatty acids 0,3g<br \/>\nCarbohydrates 20g<br \/>\nof which sugars 18g<br \/>\nProtein 2g<br \/>\nSool 6,7g<\/p>\n<p>Country of origin: Thailand<\/p>","protected":false},"excerpt":{"rendered":"<p>Soja baasil valmistatud kerge ingveri ja t\u0161illi kaste.<\/p>","protected":false},"featured_media":2218,"template":"","meta":[],"product_brand":[264],"product_cat":[317],"product_tag":[],"class_list":{"0":"post-2190","1":"product","2":"type-product","3":"status-publish","4":"has-post-thumbnail","6":"product_brand-thai-dancer","7":"product_cat-kastmed-sinepid-tsatnid","9":"first","10":"outofstock","11":"taxable","12":"shipping-taxable","13":"purchasable","14":"product-type-simple"},"_links":{"self":[{"href":"https:\/\/pipraveski.ee\/en\/wp-json\/wp\/v2\/product\/2190","targetHints":{"allow":["GET"]}}],"collection":[{"href":"https:\/\/pipraveski.ee\/en\/wp-json\/wp\/v2\/product"}],"about":[{"href":"https:\/\/pipraveski.ee\/en\/wp-json\/wp\/v2\/types\/product"}],"wp:featuredmedia":[{"embeddable":true,"href":"https:\/\/pipraveski.ee\/en\/wp-json\/wp\/v2\/media\/2218"}],"wp:attachment":[{"href":"https:\/\/pipraveski.ee\/en\/wp-json\/wp\/v2\/media?parent=2190"}],"wp:term":[{"taxonomy":"product_brand","embeddable":true,"href":"https:\/\/pipraveski.ee\/en\/wp-json\/wp\/v2\/product_brand?post=2190"},{"taxonomy":"product_cat","embeddable":true,"href":"https:\/\/pipraveski.ee\/en\/wp-json\/wp\/v2\/product_cat?post=2190"},{"taxonomy":"product_tag","embeddable":true,"href":"https:\/\/pipraveski.ee\/en\/wp-json\/wp\/v2\/product_tag?post=2190"}],"curies":[{"name":"wp","href":"https:\/\/api.w.org\/{rel}","templated":true}]}}