{"id":2185,"date":"2025-10-22T19:09:11","date_gmt":"2025-10-22T16:09:11","guid":{"rendered":"https:\/\/pipraveski.ee\/?post_type=product&#038;p=2185"},"modified":"2026-04-17T11:33:00","modified_gmt":"2026-04-17T08:33:00","slug":"iirise-juure-tukid-orris-root-peeled-cut-100g","status":"publish","type":"product","link":"https:\/\/pipraveski.ee\/en\/product\/iirise-juure-tukid-orris-root-peeled-cut-100g\/","title":{"rendered":"Iris root peeled cut (Orris root peeled cut), 100g"},"content":{"rendered":"<p>Orris root is used in gin production mainly as a flavour stabiliser and fixative. It helps to balance and bind the different botanicals such as juniper berries, coriander, citrus and spices. In addition, the orris root gives the gin a slightly floral, earthy and slightly violet-sweet undertone.<\/p>\n<p>Traditionally, orris root has been used to treat respiratory ailments and as a diuretic. It has also been used in folk medicine for skin and mouth care.<br \/>\nIn perfumery - Orris root is prized for its delicate, violet scent and powdery aroma. It is used in luxury perfumes and fragrance blends, especially as a fixative to make fragrances last longer.<br \/>\nCosmetics - Powdered orris root is a popular natural fragrance and moisture-wicking ingredient in baby powders, toothpastes and face powders.<br \/>\n<strong>Suuremat pakendit soovides ootame teie e-kirju aadressile myyk@pipraveski.ee<\/strong><\/p>","protected":false},"excerpt":{"rendered":"<p>Orrise juurt kasutatakse d\u017einni valmistamisel peamiselt maitse stabiliseerijana ja fiksaatorina. See aitab tasakaalustada ja siduda erinevaid taimseid koostisosi (botaanikaid), nagu kadakamarjad, koriander, tsitruselised ja v\u00fcrtsid. Lisaks annab orrise juur d\u017einnile kergelt lillelise, maal\u00e4hedase ja veidi violetselt magusa alatooni. Traditsiooniliselt on orrise juurt kasutatud hingamisteede vaevuste raviks ning diureetikumina. Samuti on seda rahvameditsiinis kasutatud naha- ja [&hellip;]<\/p>\n","protected":false},"featured_media":4677,"template":"","meta":[],"product_brand":[],"product_cat":[338],"product_tag":[],"class_list":{"0":"post-2185","1":"product","2":"type-product","3":"status-publish","4":"has-post-thumbnail","6":"product_cat-puhtad-maitsed","8":"first","9":"instock","10":"taxable","11":"shipping-taxable","12":"purchasable","13":"product-type-simple"},"_links":{"self":[{"href":"https:\/\/pipraveski.ee\/en\/wp-json\/wp\/v2\/product\/2185","targetHints":{"allow":["GET"]}}],"collection":[{"href":"https:\/\/pipraveski.ee\/en\/wp-json\/wp\/v2\/product"}],"about":[{"href":"https:\/\/pipraveski.ee\/en\/wp-json\/wp\/v2\/types\/product"}],"wp:featuredmedia":[{"embeddable":true,"href":"https:\/\/pipraveski.ee\/en\/wp-json\/wp\/v2\/media\/4677"}],"wp:attachment":[{"href":"https:\/\/pipraveski.ee\/en\/wp-json\/wp\/v2\/media?parent=2185"}],"wp:term":[{"taxonomy":"product_brand","embeddable":true,"href":"https:\/\/pipraveski.ee\/en\/wp-json\/wp\/v2\/product_brand?post=2185"},{"taxonomy":"product_cat","embeddable":true,"href":"https:\/\/pipraveski.ee\/en\/wp-json\/wp\/v2\/product_cat?post=2185"},{"taxonomy":"product_tag","embeddable":true,"href":"https:\/\/pipraveski.ee\/en\/wp-json\/wp\/v2\/product_tag?post=2185"}],"curies":[{"name":"wp","href":"https:\/\/api.w.org\/{rel}","templated":true}]}}