{"id":2184,"date":"2025-10-22T19:09:11","date_gmt":"2025-10-22T16:09:11","guid":{"rendered":"https:\/\/pipraveski.ee\/?post_type=product&#038;p=2184"},"modified":"2026-04-17T11:31:57","modified_gmt":"2026-04-17T08:31:57","slug":"toiduvarv-oranz-25g-heera","status":"publish","type":"product","link":"https:\/\/pipraveski.ee\/en\/product\/toiduvarv-oranz-25g-heera\/","title":{"rendered":"Food colouring, orange 25g, Heera"},"content":{"rendered":"<p>Oran\u017e toiduv\u00e4rv, pulber.<\/p>\n<p>Koostisosad: naatriumkloriid (79%), Toiduv\u00e4rvid: tartrasiin E102 (17%), punane v\u00e4rv E129 (2%), karmoisiin E122(2%).<\/p>\n<p>Kasutamine: Lahusta 14g pulbrit 1 liitris tulises vees. Jahtumisel sega vedelikku pisut. Kasuta max 25g toiduv\u00e4rvivedelikku 1kg toote kohta.<br \/>\nToiduv\u00e4rvid E102; E129, E122: v\u00f5ivad avaldada kahjulikku m\u00f5ju laste aktiivsusele ja t\u00e4helepanuv\u00f5imele.<\/p>\n<p>Kasuta max 20ml toiduv\u00e4rvivedelikku 1kg toote kohta. 20ml-s on 45mg E110 toiduv\u00e4rvi.<\/p>","protected":false},"excerpt":{"rendered":"<p>Oran\u017e toiduv\u00e4rv, pulber. Koostisosad: naatriumkloriid (79%), Toiduv\u00e4rvid: tartrasiin E102 (17%), punane v\u00e4rv E129 (2%), karmoisiin E122(2%). Kasutamine: Lahusta 14g pulbrit 1 liitris tulises vees. Jahtumisel sega vedelikku pisut. Kasuta max 25g toiduv\u00e4rvivedelikku 1kg toote kohta. Toiduv\u00e4rvid E102; E129, E122: v\u00f5ivad avaldada kahjulikku m\u00f5ju laste aktiivsusele ja t\u00e4helepanuv\u00f5imele. Kasuta max 20ml toiduv\u00e4rvivedelikku 1kg toote kohta. 20ml-s [&hellip;]<\/p>\n","protected":false},"featured_media":0,"template":"","meta":[],"product_brand":[240],"product_cat":[339],"product_tag":[],"class_list":{"0":"post-2184","1":"product","2":"type-product","3":"status-publish","5":"product_brand-heera","6":"product_cat-toiduvarvid","8":"first","9":"instock","10":"taxable","11":"shipping-taxable","12":"purchasable","13":"product-type-simple"},"_links":{"self":[{"href":"https:\/\/pipraveski.ee\/en\/wp-json\/wp\/v2\/product\/2184","targetHints":{"allow":["GET"]}}],"collection":[{"href":"https:\/\/pipraveski.ee\/en\/wp-json\/wp\/v2\/product"}],"about":[{"href":"https:\/\/pipraveski.ee\/en\/wp-json\/wp\/v2\/types\/product"}],"wp:attachment":[{"href":"https:\/\/pipraveski.ee\/en\/wp-json\/wp\/v2\/media?parent=2184"}],"wp:term":[{"taxonomy":"product_brand","embeddable":true,"href":"https:\/\/pipraveski.ee\/en\/wp-json\/wp\/v2\/product_brand?post=2184"},{"taxonomy":"product_cat","embeddable":true,"href":"https:\/\/pipraveski.ee\/en\/wp-json\/wp\/v2\/product_cat?post=2184"},{"taxonomy":"product_tag","embeddable":true,"href":"https:\/\/pipraveski.ee\/en\/wp-json\/wp\/v2\/product_tag?post=2184"}],"curies":[{"name":"wp","href":"https:\/\/api.w.org\/{rel}","templated":true}]}}