{"id":2183,"date":"2025-10-22T19:09:10","date_gmt":"2025-10-22T16:09:10","guid":{"rendered":"https:\/\/pipraveski.ee\/?post_type=product&#038;p=2183"},"modified":"2026-04-17T11:33:23","modified_gmt":"2026-04-17T08:33:23","slug":"kaste-melindas-creamy-style-kanatiibadele-355ml","status":"publish","type":"product","link":"https:\/\/pipraveski.ee\/en\/product\/kaste-melindas-creamy-style-kanatiibadele-355ml\/","title":{"rendered":"Sauce, Melinda`s Creamy Style for chicken wings, 355ml"},"content":{"rendered":"<p>Melinda filosoofia on lihtne- kuumus ja maitse t\u00e4hendavad k\u00f5ike. Segame cayenne\u2019i habanero h\u00f5nguga, et valmistada k\u00f5ige vastupandamatult v\u00fcrtsikamat ja v\u00fcrtsikamat kastet, mida olete kunagi kanatiibadele valanud.<\/p>\n<p>Kasutamine: sobib suurep\u00e4raselt praetud v\u00f5i k\u00fcpsetatud kanatiibade, kondita kana, krevettide, salatite, wrappide, v\u00f5ileibade ja pitsa jaoks.<\/p>\n<p>V\u00fcrtsikas, kuid mitte liiga kuum. See lisab pitsale t\u00e4pselt parajal m\u00e4\u00e4ral kuumust ja s\u00e4rtsu.<\/p>\n<p>Koostisosad: Vesi, valge \u00e4\u00e4dikas, Cayenne&#8217;i pipra puder, porgand, rapsi taime\u00f5li, habanero pipra puder, sibul, laimimahl, sool, k\u00fc\u00fcslauk, ksantaankummi, looduslik l\u00f5hna- ja maitseaine (v\u00f5i)<\/p>\n<p><strong>Tuntud allergeenid:<\/strong><br \/>\n<strong>V\u00f5ib sisaldada p\u00e4hklite (kookosp\u00e4hkli) j\u00e4lgi. Seda toodet toodetakse tehases, mis t\u00f6\u00f6tleb: muna, sojauba, nisu.<\/strong><\/p>\n<p>Nutrition information per 100 g<br \/>\nEnergy content 186,6 kj\/ 44,6kcal<br \/>\nFats 0,0 g<br \/>\nof which saturated fatty acids 0,0g<br \/>\nCarbohydrates 8,3g<br \/>\nof which sugars 2,3g<br \/>\nProtein 0,0 g<br \/>\nSalt 1,8g<\/p>\n<p>&nbsp;<\/p>","protected":false},"excerpt":{"rendered":"<p>Cayenne&#8217;i ja habanero piparde v\u00fcrtsikas kooslus.<\/p>","protected":false},"featured_media":2213,"template":"","meta":[],"product_brand":[],"product_cat":[317],"product_tag":[],"class_list":{"0":"post-2183","1":"product","2":"type-product","3":"status-publish","4":"has-post-thumbnail","6":"product_cat-kastmed-sinepid-tsatnid","8":"first","9":"outofstock","10":"taxable","11":"shipping-taxable","12":"purchasable","13":"product-type-simple"},"_links":{"self":[{"href":"https:\/\/pipraveski.ee\/en\/wp-json\/wp\/v2\/product\/2183","targetHints":{"allow":["GET"]}}],"collection":[{"href":"https:\/\/pipraveski.ee\/en\/wp-json\/wp\/v2\/product"}],"about":[{"href":"https:\/\/pipraveski.ee\/en\/wp-json\/wp\/v2\/types\/product"}],"wp:featuredmedia":[{"embeddable":true,"href":"https:\/\/pipraveski.ee\/en\/wp-json\/wp\/v2\/media\/2213"}],"wp:attachment":[{"href":"https:\/\/pipraveski.ee\/en\/wp-json\/wp\/v2\/media?parent=2183"}],"wp:term":[{"taxonomy":"product_brand","embeddable":true,"href":"https:\/\/pipraveski.ee\/en\/wp-json\/wp\/v2\/product_brand?post=2183"},{"taxonomy":"product_cat","embeddable":true,"href":"https:\/\/pipraveski.ee\/en\/wp-json\/wp\/v2\/product_cat?post=2183"},{"taxonomy":"product_tag","embeddable":true,"href":"https:\/\/pipraveski.ee\/en\/wp-json\/wp\/v2\/product_tag?post=2183"}],"curies":[{"name":"wp","href":"https:\/\/api.w.org\/{rel}","templated":true}]}}