{"id":2182,"date":"2025-10-22T19:09:10","date_gmt":"2025-10-22T16:09:10","guid":{"rendered":"https:\/\/pipraveski.ee\/?post_type=product&#038;p=2182"},"modified":"2026-04-17T11:32:33","modified_gmt":"2026-04-17T08:32:33","slug":"pasta-rossa-100g","status":"publish","type":"product","link":"https:\/\/pipraveski.ee\/en\/product\/pasta-rossa-100g\/","title":{"rendered":"Pasta Rossa, 100g"},"content":{"rendered":"<p>Pastaroogade maitsestamiseks.<br \/>\nKoostisosad: tomat, v\u00fcrtsid (k\u00fc\u00fcslauk, basiilik, oregano, paprika), meresool, extra virgin oliivi\u00f5li, suhkur.<br \/>\n<strong>Suuremat pakendit soovides ootame teie e-kirju aadressile myyk@pipraveski.ee<\/strong><\/p>\n<p>Nutrition information per 100g<br \/>\nEnergiasisaldus 1145J \/ 230kcal<br \/>\nRasvad 4,1g<br \/>\nmillest k\u00fcllastunud rasvapped 0,5g<br \/>\ns\u00fcsivesikuid 38,6g<br \/>\nmillest suhkruid 33,4g<br \/>\nkiudaineid 2,0g<br \/>\nvalgud 12,7g<br \/>\nsoola 3,5g<br \/>\nnaatrium&nbsp; 1,4g<\/p>","protected":false},"excerpt":{"rendered":"<p>Itaaliap\u00e4rane maitseaine tomatiga<\/p>","protected":false},"featured_media":2212,"template":"","meta":[],"product_brand":[],"product_cat":[307],"product_tag":[],"class_list":{"0":"post-2182","1":"product","2":"type-product","3":"status-publish","4":"has-post-thumbnail","6":"product_cat-maitseainesegud","8":"first","9":"instock","10":"taxable","11":"shipping-taxable","12":"purchasable","13":"product-type-simple"},"_links":{"self":[{"href":"https:\/\/pipraveski.ee\/en\/wp-json\/wp\/v2\/product\/2182","targetHints":{"allow":["GET"]}}],"collection":[{"href":"https:\/\/pipraveski.ee\/en\/wp-json\/wp\/v2\/product"}],"about":[{"href":"https:\/\/pipraveski.ee\/en\/wp-json\/wp\/v2\/types\/product"}],"wp:featuredmedia":[{"embeddable":true,"href":"https:\/\/pipraveski.ee\/en\/wp-json\/wp\/v2\/media\/2212"}],"wp:attachment":[{"href":"https:\/\/pipraveski.ee\/en\/wp-json\/wp\/v2\/media?parent=2182"}],"wp:term":[{"taxonomy":"product_brand","embeddable":true,"href":"https:\/\/pipraveski.ee\/en\/wp-json\/wp\/v2\/product_brand?post=2182"},{"taxonomy":"product_cat","embeddable":true,"href":"https:\/\/pipraveski.ee\/en\/wp-json\/wp\/v2\/product_cat?post=2182"},{"taxonomy":"product_tag","embeddable":true,"href":"https:\/\/pipraveski.ee\/en\/wp-json\/wp\/v2\/product_tag?post=2182"}],"curies":[{"name":"wp","href":"https:\/\/api.w.org\/{rel}","templated":true}]}}