{"id":2178,"date":"2025-10-22T19:09:10","date_gmt":"2025-10-22T16:09:10","guid":{"rendered":"https:\/\/pipraveski.ee\/?post_type=product&#038;p=2178"},"modified":"2026-04-17T11:32:07","modified_gmt":"2026-04-17T08:32:07","slug":"tai-magus-tsillikaste-lobo-300ml","status":"publish","type":"product","link":"https:\/\/pipraveski.ee\/en\/product\/tai-magus-tsillikaste-lobo-300ml\/","title":{"rendered":"Thai sweet chilli sauce, Lobo, 300ml"},"content":{"rendered":"<p>Koostisosad: suhkur, vesi, t\u0161illi 7%, k\u00fc\u00fcslauk, destilleeritud \u00e4\u00e4dikas, modifitseeritud tapiokit\u00e4rklis, sool, paksendaja: E415<br \/>\nPeale avamist hoida k\u00fclmikus ning tarvitada \u00e4ra 4 n\u00e4dala jooksul.<\/p>\n<p><span style=\"font-size: 13px\">Nutrition information per 100ml:<\/span><br style=\"font-size: 13px\" \/><br \/>\n<span style=\"font-size: 13px\">Energiasisaldus 877 kJ \/ 206 kcal<\/span><br style=\"font-size: 13px\" \/><br \/>\n<span style=\"font-size: 13px\">Fats 0,0g<\/span><br style=\"font-size: 13px\" \/><br \/>\n<span style=\"font-size: 13px\">of which saturated fatty acids 0g<\/span><br style=\"font-size: 13px\" \/><br \/>\n<span style=\"font-size: 13px\">S\u00fcsivesikud 50 g<\/span><br style=\"font-size: 13px\" \/><br \/>\n<span style=\"font-size: 13px\">millest suhkrud 36 g<\/span><br style=\"font-size: 13px\" \/><br \/>\n<span style=\"font-size: 13px\">Protein 1,3 g<\/span><br style=\"font-size: 13px\" \/><br \/>\n<span style=\"font-size: 13px\">Sool 2,8 g<\/p>\n<p>Country of origin: Thailand<\/span><\/p>","protected":false},"excerpt":{"rendered":"<p>Lobo Tai magus t\u0161illikaste on asendamatu toode k\u00f5igile Aasia k\u00f6\u00f6gi austajatele, kes armastavad magusat ja v\u00fcrtsikat maitset<\/p>","protected":false},"featured_media":2208,"template":"","meta":[],"product_brand":[],"product_cat":[317],"product_tag":[],"class_list":{"0":"post-2178","1":"product","2":"type-product","3":"status-publish","4":"has-post-thumbnail","6":"product_cat-kastmed-sinepid-tsatnid","8":"first","9":"instock","10":"taxable","11":"shipping-taxable","12":"purchasable","13":"product-type-simple"},"_links":{"self":[{"href":"https:\/\/pipraveski.ee\/en\/wp-json\/wp\/v2\/product\/2178","targetHints":{"allow":["GET"]}}],"collection":[{"href":"https:\/\/pipraveski.ee\/en\/wp-json\/wp\/v2\/product"}],"about":[{"href":"https:\/\/pipraveski.ee\/en\/wp-json\/wp\/v2\/types\/product"}],"wp:featuredmedia":[{"embeddable":true,"href":"https:\/\/pipraveski.ee\/en\/wp-json\/wp\/v2\/media\/2208"}],"wp:attachment":[{"href":"https:\/\/pipraveski.ee\/en\/wp-json\/wp\/v2\/media?parent=2178"}],"wp:term":[{"taxonomy":"product_brand","embeddable":true,"href":"https:\/\/pipraveski.ee\/en\/wp-json\/wp\/v2\/product_brand?post=2178"},{"taxonomy":"product_cat","embeddable":true,"href":"https:\/\/pipraveski.ee\/en\/wp-json\/wp\/v2\/product_cat?post=2178"},{"taxonomy":"product_tag","embeddable":true,"href":"https:\/\/pipraveski.ee\/en\/wp-json\/wp\/v2\/product_tag?post=2178"}],"curies":[{"name":"wp","href":"https:\/\/api.w.org\/{rel}","templated":true}]}}