{"id":2177,"date":"2025-10-22T19:09:10","date_gmt":"2025-10-22T16:09:10","guid":{"rendered":"https:\/\/pipraveski.ee\/?post_type=product&#038;p=2177"},"modified":"2026-04-17T11:31:42","modified_gmt":"2026-04-17T08:31:42","slug":"dragonfire-number-one-tsillikaste-148ml","status":"publish","type":"product","link":"https:\/\/pipraveski.ee\/en\/product\/dragonfire-number-one-tsillikaste-148ml\/","title":{"rendered":"Dragonfire Number One chilli sauce, 148ml"},"content":{"rendered":"<p>The sauce owes its incredibly spicy heat to a particularly hot chilli extract. Draconic sauce is suitable for everyone.<br \/>\nDue to the extreme sharpness, do not use more than a few drops at a time.<\/p>\n<p><strong>Ingredients:&nbsp;<\/strong>Water, chilli, onion, chilli extract, vegetable oil, salt, tomato puree, acidulants: acetic and citric acid, cider vinegar, garlic powder, thickener: xanthan gum.<br \/>\nGLuten-free, Lactose-free, vegan<\/p>\n<p><strong>Nutrition information per 100g:<\/strong><br \/>\nEnergy content 585,76 kJ \/ 140 kcal<br \/>\nFat 12,0g<br \/>\nSaturated fatty acids 3,0g<br \/>\nCarbohydrates 8,0g<br \/>\nSugar 0,0g<br \/>\nProtein 1,0g<br \/>\nSalt 3,0g<\/p>\n<p>\n<strong>Storage: <\/strong>the product can be stored for at least 6 months after opening if kept at a temperature below 7\u00b0C.<\/p>","protected":false},"excerpt":{"rendered":"<p>Kaste v\u00f5lgneb oma uskumatult v\u00fcrtsika kuumuse eriti \u00e4gedale t\u0161illi ekstraktile. Draakoni kaste sobib k\u00f5igile. \u00c4\u00e4rmiselt teravuse t\u00f5ttu \u00e4rge kasutage korraga rohkem kui paar tilka. Koostisosad:&nbsp;Vesi, t\u0161illi, sibul, t\u0161illi ekstrakt, taime\u00f5li, sool, tomatip\u00fcree, hapendaja: \u00e4\u00e4dikhape ja sidrunhape, \u00f5una\u00e4\u00e4dikas, k\u00fc\u00fcslaugupulber, paksendaja: ksantaankummi. GLUTEENIvaba, LAKTOOSIvaba, vegan Toitumisalane teave 100g kohta: Energiasisaldus 585,76 kJ \/ 140 kcal Rasv 12,0g [&hellip;]<\/p>\n","protected":false},"featured_media":2207,"template":"","meta":[],"product_brand":[],"product_cat":[317],"product_tag":[],"class_list":{"0":"post-2177","1":"product","2":"type-product","3":"status-publish","4":"has-post-thumbnail","6":"product_cat-kastmed-sinepid-tsatnid","8":"first","9":"instock","10":"taxable","11":"shipping-taxable","12":"purchasable","13":"product-type-simple"},"_links":{"self":[{"href":"https:\/\/pipraveski.ee\/en\/wp-json\/wp\/v2\/product\/2177","targetHints":{"allow":["GET"]}}],"collection":[{"href":"https:\/\/pipraveski.ee\/en\/wp-json\/wp\/v2\/product"}],"about":[{"href":"https:\/\/pipraveski.ee\/en\/wp-json\/wp\/v2\/types\/product"}],"wp:featuredmedia":[{"embeddable":true,"href":"https:\/\/pipraveski.ee\/en\/wp-json\/wp\/v2\/media\/2207"}],"wp:attachment":[{"href":"https:\/\/pipraveski.ee\/en\/wp-json\/wp\/v2\/media?parent=2177"}],"wp:term":[{"taxonomy":"product_brand","embeddable":true,"href":"https:\/\/pipraveski.ee\/en\/wp-json\/wp\/v2\/product_brand?post=2177"},{"taxonomy":"product_cat","embeddable":true,"href":"https:\/\/pipraveski.ee\/en\/wp-json\/wp\/v2\/product_cat?post=2177"},{"taxonomy":"product_tag","embeddable":true,"href":"https:\/\/pipraveski.ee\/en\/wp-json\/wp\/v2\/product_tag?post=2177"}],"curies":[{"name":"wp","href":"https:\/\/api.w.org\/{rel}","templated":true}]}}