{"id":2176,"date":"2025-10-22T19:09:10","date_gmt":"2025-10-22T16:09:10","guid":{"rendered":"https:\/\/pipraveski.ee\/?post_type=product&#038;p=2176"},"modified":"2026-04-17T11:31:48","modified_gmt":"2026-04-17T08:31:48","slug":"salsa-mexicana-ranchera-220g","status":"publish","type":"product","link":"https:\/\/pipraveski.ee\/en\/product\/salsa-mexicana-ranchera-220g\/","title":{"rendered":"Salsa Mexicana Ranchera, 220g"},"content":{"rendered":"<p>La Costenast p\u00e4rit Salsa Mexicana Ranchera on tume, pikantne kaste, mis on valmistatud klassikalistest Mehhiko tomatillodest.<br \/>\nSee sobib eriti h\u00e4sti liha, pasta, kalaroogade v\u00f5i suppide rafineerimiseks.<br \/>\nSobib suurep\u00e4raselt n\u00e4putoidu v\u00f5i tortillakr\u00f5psude kastmiseks.&nbsp;<\/p>\n<p><strong>Ingredients<\/strong>: Tomatillo, segatud t\u0161illid, v\u00fcrtsid, jooditud sool, naatriumglutamaat.<\/p>\n<p>Nutrition information per 100g:<br \/>\nEnergiasisaldus 173 kJ\/ 41 kcal<br \/>\nFats 1,1g<br \/>\nof which saturated fatty acids 0,1g<br \/>\nS\u00fcsivesikud 5,3g<br \/>\nmillest suhkrud&nbsp; 3,7g<br \/>\nValk 1,3g<br \/>\nSalt 1,9g<\/p>\n<p>Country of origin: Germany<\/p>","protected":false},"excerpt":{"rendered":"<p>La Costenast p\u00e4rit Salsa Mexicana Ranchera on tume, pikantne kaste, mis on valmistatud klassikalistest Mehhiko tomatillodest. See sobib eriti h\u00e4sti liha, pasta, kalaroogade v\u00f5i suppide rafineerimiseks. Sobib suurep\u00e4raselt n\u00e4putoidu v\u00f5i tortillakr\u00f5psude kastmiseks.&nbsp; Koostisosad: Tomatillo, segatud t\u0161illid, v\u00fcrtsid, jooditud sool, naatriumglutamaat. Toitumisalane teave 100g kohta: Energiasisaldus 173 kJ\/ 41 kcal Rasvad 1,1g millest k\u00fcllastunud rasvhapped 0,1g [&hellip;]<\/p>\n","protected":false},"featured_media":2206,"template":"","meta":[],"product_brand":[],"product_cat":[317],"product_tag":[],"class_list":{"0":"post-2176","1":"product","2":"type-product","3":"status-publish","4":"has-post-thumbnail","6":"product_cat-kastmed-sinepid-tsatnid","8":"first","9":"instock","10":"taxable","11":"shipping-taxable","12":"purchasable","13":"product-type-simple"},"_links":{"self":[{"href":"https:\/\/pipraveski.ee\/en\/wp-json\/wp\/v2\/product\/2176","targetHints":{"allow":["GET"]}}],"collection":[{"href":"https:\/\/pipraveski.ee\/en\/wp-json\/wp\/v2\/product"}],"about":[{"href":"https:\/\/pipraveski.ee\/en\/wp-json\/wp\/v2\/types\/product"}],"wp:featuredmedia":[{"embeddable":true,"href":"https:\/\/pipraveski.ee\/en\/wp-json\/wp\/v2\/media\/2206"}],"wp:attachment":[{"href":"https:\/\/pipraveski.ee\/en\/wp-json\/wp\/v2\/media?parent=2176"}],"wp:term":[{"taxonomy":"product_brand","embeddable":true,"href":"https:\/\/pipraveski.ee\/en\/wp-json\/wp\/v2\/product_brand?post=2176"},{"taxonomy":"product_cat","embeddable":true,"href":"https:\/\/pipraveski.ee\/en\/wp-json\/wp\/v2\/product_cat?post=2176"},{"taxonomy":"product_tag","embeddable":true,"href":"https:\/\/pipraveski.ee\/en\/wp-json\/wp\/v2\/product_tag?post=2176"}],"curies":[{"name":"wp","href":"https:\/\/api.w.org\/{rel}","templated":true}]}}