{"id":2174,"date":"2025-10-22T19:09:10","date_gmt":"2025-10-22T16:09:10","guid":{"rendered":"https:\/\/pipraveski.ee\/?post_type=product&#038;p=2174"},"modified":"2026-04-17T12:00:30","modified_gmt":"2026-04-17T09:00:30","slug":"svani-sool-irma-100g","status":"publish","type":"product","link":"https:\/\/pipraveski.ee\/en\/product\/svani-sool-irma-100g\/","title":{"rendered":"Svani salt, IRMA, 100g"},"content":{"rendered":"<p>Used in Georgian cuisine mostly instead of common table salt.<br \/>\nIn Georgia, swiss salt is considered a universal seasoning, used to season meat dishes, soups, sauces and fish dishes, salads, and is also excellent for pickling.<\/p>\n<p><span style=\"font-weight: 700;, sans-serif;font-size: 14px\">Ingredients<\/span><span style=\", sans-serif;font-size: 14px\">: salt, garlic, coriander, fenugreek, red pepper, dill, cumin, kharchos suneli powder (coriander, fenugreek, salt, garlic, chilli, black pepper, ginger, turmeric).<\/span><\/p>","protected":false},"excerpt":{"rendered":"<p>Kasutatakse gruusia k\u00f6\u00f6gis enamasti tavalise s\u00f6\u00f6gisoola asemel. Gruusias peetakse svaani soola universaalseks maitseaineks, mida kasutatakse liharoogade, suppide, kastmete ja kalaroogade, salatite maitsestamiseks, See sobib suurep\u00e4raselt ka marineerimiseks. Koostisosad: sool, k\u00fc\u00fcslauk, koriander, lambal\u00e4\u00e4ts, punane paprika, till, harilik k\u00f6\u00f6men, kharchos suneli pulber (koriander, lambal\u00e4\u00e4ts, sool, k\u00fc\u00fcslauk, t\u0161illi, must pipar, ingver, kurkum).<\/p>","protected":false},"featured_media":2204,"template":"","meta":[],"product_brand":[],"product_cat":[307],"product_tag":[],"class_list":{"0":"post-2174","1":"product","2":"type-product","3":"status-publish","4":"has-post-thumbnail","6":"product_cat-maitseainesegud","8":"first","9":"instock","10":"taxable","11":"shipping-taxable","12":"purchasable","13":"product-type-simple"},"_links":{"self":[{"href":"https:\/\/pipraveski.ee\/en\/wp-json\/wp\/v2\/product\/2174","targetHints":{"allow":["GET"]}}],"collection":[{"href":"https:\/\/pipraveski.ee\/en\/wp-json\/wp\/v2\/product"}],"about":[{"href":"https:\/\/pipraveski.ee\/en\/wp-json\/wp\/v2\/types\/product"}],"wp:featuredmedia":[{"embeddable":true,"href":"https:\/\/pipraveski.ee\/en\/wp-json\/wp\/v2\/media\/2204"}],"wp:attachment":[{"href":"https:\/\/pipraveski.ee\/en\/wp-json\/wp\/v2\/media?parent=2174"}],"wp:term":[{"taxonomy":"product_brand","embeddable":true,"href":"https:\/\/pipraveski.ee\/en\/wp-json\/wp\/v2\/product_brand?post=2174"},{"taxonomy":"product_cat","embeddable":true,"href":"https:\/\/pipraveski.ee\/en\/wp-json\/wp\/v2\/product_cat?post=2174"},{"taxonomy":"product_tag","embeddable":true,"href":"https:\/\/pipraveski.ee\/en\/wp-json\/wp\/v2\/product_tag?post=2174"}],"curies":[{"name":"wp","href":"https:\/\/api.w.org\/{rel}","templated":true}]}}