{"id":2173,"date":"2025-10-22T19:09:10","date_gmt":"2025-10-22T16:09:10","guid":{"rendered":"https:\/\/pipraveski.ee\/?post_type=product&#038;p=2173"},"modified":"2026-04-17T11:32:58","modified_gmt":"2026-04-17T08:32:58","slug":"basiilik-kulmkuivatatud-4g","status":"publish","type":"product","link":"https:\/\/pipraveski.ee\/en\/product\/basiilik-kulmkuivatatud-4g\/","title":{"rendered":"Basil, freeze-dried, HELA, 5g"},"content":{"rendered":"<p>A stronger and fresher flavour than herbs that have been dried normally. The process of freeze-drying better preserves the positive characteristics of the plant.<br \/>\nFreeze-dried herbs can be added dry to dishes.<br \/>\nDo not add during heating!<br \/>\nFor best results, moisten the herbs with water before adding them to food.<\/p>\n<p>4g of product is equivalent to 80g of fresh basil.<br \/>\n50g of product is equivalent to 1kg of fresh basil.<\/p>\n<p>Uses: fresh vegetables, vegetable soups, one-pot meals, salads, sauces, yoghurt, pasta sauces, pizza, roast goose, cutlets, veal, casseroles.<\/p>","protected":false},"excerpt":{"rendered":"<p>Tugevama ja v\u00e4rskema maitsega, kui tavakuivatusega \u00fcrt. K\u00fclmkuivatuse protsessis s\u00e4ilivad paremini taime positiivsed omadused. K\u00fclmkuivatatud \u00fcrte v\u00f5ib lisada roogadele kuivalt. Mitte lisada kuumutamise ajal! Parima tulemuse saate kui niisutate \u00fcrte enne toidule lisamist veega. 4g toodet vastab 80g v\u00e4rskele basiilikule. 50g toodet vastab 1kg v\u00e4rskele basiilikule. Kasutamine: v\u00e4rsked k\u00f6\u00f6giviljad, k\u00f6\u00f6giviljasupid, \u00fchepajatoidud, salatid, kastmed, jogurt, pastakastmed, [&hellip;]<\/p>\n","protected":false},"featured_media":2203,"template":"","meta":[],"product_brand":[244],"product_cat":[305],"product_tag":[],"class_list":{"0":"post-2173","1":"product","2":"type-product","3":"status-publish","4":"has-post-thumbnail","6":"product_brand-hela","7":"product_cat-urdid-kulmkuivatatud-urdid","9":"first","10":"instock","11":"sale","12":"taxable","13":"shipping-taxable","14":"purchasable","15":"product-type-simple"},"_links":{"self":[{"href":"https:\/\/pipraveski.ee\/en\/wp-json\/wp\/v2\/product\/2173","targetHints":{"allow":["GET"]}}],"collection":[{"href":"https:\/\/pipraveski.ee\/en\/wp-json\/wp\/v2\/product"}],"about":[{"href":"https:\/\/pipraveski.ee\/en\/wp-json\/wp\/v2\/types\/product"}],"wp:featuredmedia":[{"embeddable":true,"href":"https:\/\/pipraveski.ee\/en\/wp-json\/wp\/v2\/media\/2203"}],"wp:attachment":[{"href":"https:\/\/pipraveski.ee\/en\/wp-json\/wp\/v2\/media?parent=2173"}],"wp:term":[{"taxonomy":"product_brand","embeddable":true,"href":"https:\/\/pipraveski.ee\/en\/wp-json\/wp\/v2\/product_brand?post=2173"},{"taxonomy":"product_cat","embeddable":true,"href":"https:\/\/pipraveski.ee\/en\/wp-json\/wp\/v2\/product_cat?post=2173"},{"taxonomy":"product_tag","embeddable":true,"href":"https:\/\/pipraveski.ee\/en\/wp-json\/wp\/v2\/product_tag?post=2173"}],"curies":[{"name":"wp","href":"https:\/\/api.w.org\/{rel}","templated":true}]}}