{"id":2171,"date":"2025-10-22T19:09:10","date_gmt":"2025-10-22T16:09:10","guid":{"rendered":"https:\/\/pipraveski.ee\/?post_type=product&#038;p=2171"},"modified":"2026-04-17T11:33:17","modified_gmt":"2026-04-17T08:33:17","slug":"kiirnuudlid-teumsae-ramyun-paldo-120g","status":"publish","type":"product","link":"https:\/\/pipraveski.ee\/en\/product\/kiirnuudlid-teumsae-ramyun-paldo-120g\/","title":{"rendered":"Kiwi noodles, Teumsae Ramyun, PALDO, 120g"},"content":{"rendered":"<p>Teumsae Ramyun kiirnuudlid v\u00fcrtside ja t\u0161illiga.<br \/>\nKeeda vaid 4-5 minutit ja naudi teravaid nuudli elamusi!<\/p>\n<p>Koostisosad:<br \/>\n<u>Nuudlid<\/u>: NISUjahu, palmi\u00f5li, modifitseeritud kartuli t\u00e4rklis, kartuli t\u00e4rklis, sool, NISU GLUTEEN, emulgeeritud \u00f5li (p\u00e4evalille\u00f5li, emulgaator: SOJA letsitiin), happesuse regulaatorid: E501, E500, E339, sibula ekstrakt, paksendaja: E412, rapsi\u00f5li, v\u00e4rvaine: E101.<br \/>\n<u>Maitseaine pakike<\/u>: sool, maitseained (SOJA kaste [SOJA, NISU, sool], sool, riisipulber, k\u00fc\u00fcslauk, sibul, p\u00e4rmiekstrakt, maltodekstriin, gl\u00fckoos, maisisiirup), t\u0161illipulber, v\u00fcrtsikas maitseainesegu (maltodekstriin, gl\u00fckoos, NISU, t\u0161illipipar, sool), maitsetugevdaja: E621, E635, SOJA kastme pulber (SOJA, NISU, sool), suhkur, maitseainesegu (sool, t\u0161illi, KALMAARI ekstrakt), k\u00fc\u00fcslaugupulber, musta pipra pulber, v\u00e4rvaine: paprikaekstrakt.<br \/>\n<u>Kuivatatud k\u00f6\u00f6givilja segu<\/u>: kapsas, roheline sibul, t\u0161illikaunad, seened.<br \/>\nToodetud tehases, mis t\u00f6\u00f6tleb ka kala, koorikloomi, molluskeid, piima, muna, p\u00e4hkleid, maap\u00e4hkleid, sellerit, sinepit, seesamit, lupiine&amp;sulfiide.<\/p>\n<p>Valmistamine:<br \/>\nKeeda umbes 550ml vett. Lisa veele nuudlid, maitseaine pakike ja k\u00f6\u00f6giviljasegu, seej\u00e4rel keeda 4-5 min.<br \/>\nParemaks maitseelamuseks lisa veel oma lemmik k\u00f6\u00f6givilju ja\/v\u00f5i muna nuudlitele. Sega hoolega l\u00e4bi ja serveeri.<\/p>\n<p>Toitumisalane teave 100g kohta:<br \/>\nEnergiasisaldus 1705kJ\/408kcal<br \/>\nRasvad 13g<br \/>\nmillest k\u00fcllastunud rasvhapped 6,6g<br \/>\nS\u00fcsivesikud 65g<br \/>\nmillest suhkrud 3,3g<br \/>\nValgud 8,9g<br \/>\nSool 1,48g<\/p>\n","protected":false},"excerpt":{"rendered":"<p>Spicy quick noodles with chillies<\/p>","protected":false},"featured_media":3372,"template":"","meta":[],"product_brand":[],"product_cat":[320],"product_tag":[],"class_list":{"0":"post-2171","1":"product","2":"type-product","3":"status-publish","4":"has-post-thumbnail","6":"product_cat-riis-nuudlid","8":"first","9":"instock","10":"taxable","11":"shipping-taxable","12":"purchasable","13":"product-type-simple"},"_links":{"self":[{"href":"https:\/\/pipraveski.ee\/en\/wp-json\/wp\/v2\/product\/2171","targetHints":{"allow":["GET"]}}],"collection":[{"href":"https:\/\/pipraveski.ee\/en\/wp-json\/wp\/v2\/product"}],"about":[{"href":"https:\/\/pipraveski.ee\/en\/wp-json\/wp\/v2\/types\/product"}],"wp:featuredmedia":[{"embeddable":true,"href":"https:\/\/pipraveski.ee\/en\/wp-json\/wp\/v2\/media\/3372"}],"wp:attachment":[{"href":"https:\/\/pipraveski.ee\/en\/wp-json\/wp\/v2\/media?parent=2171"}],"wp:term":[{"taxonomy":"product_brand","embeddable":true,"href":"https:\/\/pipraveski.ee\/en\/wp-json\/wp\/v2\/product_brand?post=2171"},{"taxonomy":"product_cat","embeddable":true,"href":"https:\/\/pipraveski.ee\/en\/wp-json\/wp\/v2\/product_cat?post=2171"},{"taxonomy":"product_tag","embeddable":true,"href":"https:\/\/pipraveski.ee\/en\/wp-json\/wp\/v2\/product_tag?post=2171"}],"curies":[{"name":"wp","href":"https:\/\/api.w.org\/{rel}","templated":true}]}}