{"id":2170,"date":"2025-10-22T19:09:10","date_gmt":"2025-10-22T16:09:10","guid":{"rendered":"https:\/\/pipraveski.ee\/?post_type=product&#038;p=2170"},"modified":"2026-04-17T11:32:06","modified_gmt":"2026-04-17T08:32:06","slug":"santos-grill-vurtsisegu-270g","status":"publish","type":"product","link":"https:\/\/pipraveski.ee\/en\/product\/santos-grill-vurtsisegu-270g\/","title":{"rendered":"Santos, barbecue spice mix, HELA, 270g"},"content":{"rendered":"<p>Sobib v\u00e4ga h\u00e4sti linnuliha, kala ja veiselihaga.<br \/>\nKoostisosad: sool, pipar, sibul, k\u00fc\u00fcslauk, koriander, v\u00fcrtsid.<\/p>\n<p>Nutrition information per 100g:<br \/>\nEnergiasisaldus: 614 kJ \/ 147 kcal<br \/>\nRasvad: 1,6 g<br \/>\n&nbsp; millest k\u00fcllastunud rasvhapped: 0,3 g<br \/>\nS\u00fcsivesikud : 25 g<br \/>\n&nbsp; millest suhkrud: 21 g<br \/>\nValgud: 5,3 g<br \/>\nSool: 56 g<\/p>","protected":false},"excerpt":{"rendered":"<p>Sobib v\u00e4ga h\u00e4sti linnuliha, kala ja veiselihaga. Koostisosad: sool, pipar, sibul, k\u00fc\u00fcslauk, koriander, v\u00fcrtsid. Toitumisalane teave 100g kohta: Energiasisaldus: 614 kJ \/ 147 kcal Rasvad: 1,6 g &nbsp; millest k\u00fcllastunud rasvhapped: 0,3 g S\u00fcsivesikud : 25 g &nbsp; millest suhkrud: 21 g Valgud: 5,3 g Sool: 56 g<\/p>","protected":false},"featured_media":2200,"template":"","meta":[],"product_brand":[244],"product_cat":[307],"product_tag":[],"class_list":{"0":"post-2170","1":"product","2":"type-product","3":"status-publish","4":"has-post-thumbnail","6":"product_brand-hela","7":"product_cat-maitseainesegud","9":"first","10":"outofstock","11":"taxable","12":"shipping-taxable","13":"purchasable","14":"product-type-simple"},"_links":{"self":[{"href":"https:\/\/pipraveski.ee\/en\/wp-json\/wp\/v2\/product\/2170","targetHints":{"allow":["GET"]}}],"collection":[{"href":"https:\/\/pipraveski.ee\/en\/wp-json\/wp\/v2\/product"}],"about":[{"href":"https:\/\/pipraveski.ee\/en\/wp-json\/wp\/v2\/types\/product"}],"wp:featuredmedia":[{"embeddable":true,"href":"https:\/\/pipraveski.ee\/en\/wp-json\/wp\/v2\/media\/2200"}],"wp:attachment":[{"href":"https:\/\/pipraveski.ee\/en\/wp-json\/wp\/v2\/media?parent=2170"}],"wp:term":[{"taxonomy":"product_brand","embeddable":true,"href":"https:\/\/pipraveski.ee\/en\/wp-json\/wp\/v2\/product_brand?post=2170"},{"taxonomy":"product_cat","embeddable":true,"href":"https:\/\/pipraveski.ee\/en\/wp-json\/wp\/v2\/product_cat?post=2170"},{"taxonomy":"product_tag","embeddable":true,"href":"https:\/\/pipraveski.ee\/en\/wp-json\/wp\/v2\/product_tag?post=2170"}],"curies":[{"name":"wp","href":"https:\/\/api.w.org\/{rel}","templated":true}]}}