{"id":214,"date":"2025-10-22T19:01:17","date_gmt":"2025-10-22T16:01:17","guid":{"rendered":"https:\/\/pipraveski.ee\/?post_type=product&#038;p=214"},"modified":"2026-04-17T11:31:37","modified_gmt":"2026-04-17T08:31:37","slug":"mustad-mungoad-poolitatud-kooritud-urid-dall-2kg-heera","status":"publish","type":"product","link":"https:\/\/pipraveski.ee\/en\/product\/mustad-mungoad-poolitatud-kooritud-urid-dall-2kg-heera\/","title":{"rendered":"Black mung beans, halved, peeled, Urid Dall, Heera, 2kg"},"content":{"rendered":"<p><strong>Also suitable for vegans.&nbsp;<\/p>\n<p>Nutrition information per 100g:<\/strong><br \/>\nEnergiasisaldus 1425KJ\/341kcal<br \/>\nFats 1,4g<br \/>\nof which saturated fatty acids 0,4g<br \/>\nS\u00fcsivesikud 62g<br \/>\nmillest suhkrud 2,1g<br \/>\nKiudaineid 18g<br \/>\nValgud 22g<br \/>\nSalt 0,01g<\/p>\n<p><strong style=\"font-size: 13px\">Country of origin:&nbsp;<\/strong><span style=\"font-size: 13px\">India<\/span><\/p>\n<p><strong>Storage:&nbsp;<\/strong>Kuivas ja jahedas kohas, \u00f5hukindlas anumas.<\/p>\n<p>See toode on pakitud tehases, mis samuti t\u00f6\u00f6tleb p\u00e4hkleid, seesamiseemneid, piima, sinepit, nisu ja soja.<\/p>\n<p>&nbsp;<\/p>","protected":false},"excerpt":{"rendered":"<p>Sobib ka veganitele.&nbsp; Toitumisalane teave 100g kohta: Energiasisaldus 1425KJ\/341kcal Rasvad 1,4g millest k\u00fcllastunud rasvhapped 0,4g S\u00fcsivesikud 62g millest suhkrud 2,1g Kiudaineid 18g Valgud 22g Sool 0,01g P\u00e4ritolumaa:&nbsp;India S\u00e4ilitamine:&nbsp;Kuivas ja jahedas kohas, \u00f5hukindlas anumas. See toode on pakitud tehases, mis samuti t\u00f6\u00f6tleb p\u00e4hkleid, seesamiseemneid, piima, sinepit, nisu ja soja. &nbsp;<\/p>","protected":false},"featured_media":244,"template":"","meta":[],"product_brand":[240],"product_cat":[319],"product_tag":[],"class_list":{"0":"post-214","1":"product","2":"type-product","3":"status-publish","4":"has-post-thumbnail","6":"product_brand-heera","7":"product_cat-laatsed-oad-terad","9":"first","10":"instock","11":"taxable","12":"shipping-taxable","13":"purchasable","14":"product-type-simple"},"_links":{"self":[{"href":"https:\/\/pipraveski.ee\/en\/wp-json\/wp\/v2\/product\/214","targetHints":{"allow":["GET"]}}],"collection":[{"href":"https:\/\/pipraveski.ee\/en\/wp-json\/wp\/v2\/product"}],"about":[{"href":"https:\/\/pipraveski.ee\/en\/wp-json\/wp\/v2\/types\/product"}],"wp:featuredmedia":[{"embeddable":true,"href":"https:\/\/pipraveski.ee\/en\/wp-json\/wp\/v2\/media\/244"}],"wp:attachment":[{"href":"https:\/\/pipraveski.ee\/en\/wp-json\/wp\/v2\/media?parent=214"}],"wp:term":[{"taxonomy":"product_brand","embeddable":true,"href":"https:\/\/pipraveski.ee\/en\/wp-json\/wp\/v2\/product_brand?post=214"},{"taxonomy":"product_cat","embeddable":true,"href":"https:\/\/pipraveski.ee\/en\/wp-json\/wp\/v2\/product_cat?post=214"},{"taxonomy":"product_tag","embeddable":true,"href":"https:\/\/pipraveski.ee\/en\/wp-json\/wp\/v2\/product_tag?post=214"}],"curies":[{"name":"wp","href":"https:\/\/api.w.org\/{rel}","templated":true}]}}