{"id":2135,"date":"2025-10-22T19:08:56","date_gmt":"2025-10-22T16:08:56","guid":{"rendered":"https:\/\/pipraveski.ee\/?post_type=product&#038;p=2135"},"modified":"2026-04-17T11:32:53","modified_gmt":"2026-04-17T08:32:53","slug":"mangojook-deluxe-1l","status":"publish","type":"product","link":"https:\/\/pipraveski.ee\/en\/product\/mangojook-deluxe-1l\/","title":{"rendered":"Mangojook Deluxe, Rubicon, 1L"},"content":{"rendered":"<p>Olenemata sellest, kas kustutad janu kuumal suvep\u00e4eval v\u00f5i lisad oma lemmikretseptidele puuviljase n\u00fcansi, on Rubicon mangomahl ideaalne valik mangos\u00f5pradele k\u00f5ikjal.<\/p>\n<p>Koostisosad: vesi, mangop\u00fcree( 16%), suhkur, sidrunhape, maitseaine, guarkummi, ksantaan, c-vitamiin<\/p>\n<p><span style=\"font-size: 13px\">Nutrition information per 100ml:<\/span><br style=\"font-size: 13px\" \/><br \/>\n<span style=\"font-size: 13px\">Energiasisaldus 215 kJ \/ 51 kcal<\/span><br style=\"font-size: 13px\" \/><br \/>\n<span style=\"font-size: 13px\">Fats 0,5g<\/span><br style=\"font-size: 13px\" \/><br \/>\n<span style=\"font-size: 13px\">of which saturated fatty acids 0,1g<\/span><br style=\"font-size: 13px\" \/><br \/>\n<span style=\"font-size: 13px\">S\u00fcsivesikud 12 g<\/span><br style=\"font-size: 13px\" \/><br \/>\n<span style=\"font-size: 13px\">of which sugars 12 g<\/span><br style=\"font-size: 13px\" \/><br \/>\n<span style=\"font-size: 13px\">Protein 0,5 g<\/span><br style=\"font-size: 13px\" \/><br \/>\n<span style=\"font-size: 13px\">Salt 0,01 g<\/span><\/p>","protected":false},"excerpt":{"rendered":"<p>Valmistatud parimatest p\u00e4ikese k\u00e4es k\u00fcpsenud Alphonso mangodest. <\/p>","protected":false},"featured_media":2167,"template":"","meta":[],"product_brand":[],"product_cat":[326],"product_tag":[],"class_list":{"0":"post-2135","1":"product","2":"type-product","3":"status-publish","4":"has-post-thumbnail","6":"product_cat-joogid","8":"first","9":"instock","10":"taxable","11":"shipping-taxable","12":"purchasable","13":"product-type-simple"},"_links":{"self":[{"href":"https:\/\/pipraveski.ee\/en\/wp-json\/wp\/v2\/product\/2135","targetHints":{"allow":["GET"]}}],"collection":[{"href":"https:\/\/pipraveski.ee\/en\/wp-json\/wp\/v2\/product"}],"about":[{"href":"https:\/\/pipraveski.ee\/en\/wp-json\/wp\/v2\/types\/product"}],"wp:featuredmedia":[{"embeddable":true,"href":"https:\/\/pipraveski.ee\/en\/wp-json\/wp\/v2\/media\/2167"}],"wp:attachment":[{"href":"https:\/\/pipraveski.ee\/en\/wp-json\/wp\/v2\/media?parent=2135"}],"wp:term":[{"taxonomy":"product_brand","embeddable":true,"href":"https:\/\/pipraveski.ee\/en\/wp-json\/wp\/v2\/product_brand?post=2135"},{"taxonomy":"product_cat","embeddable":true,"href":"https:\/\/pipraveski.ee\/en\/wp-json\/wp\/v2\/product_cat?post=2135"},{"taxonomy":"product_tag","embeddable":true,"href":"https:\/\/pipraveski.ee\/en\/wp-json\/wp\/v2\/product_tag?post=2135"}],"curies":[{"name":"wp","href":"https:\/\/api.w.org\/{rel}","templated":true}]}}