{"id":2134,"date":"2025-10-22T19:08:56","date_gmt":"2025-10-22T16:08:56","guid":{"rendered":"https:\/\/pipraveski.ee\/?post_type=product&#038;p=2134"},"modified":"2026-04-17T11:32:16","modified_gmt":"2026-04-17T08:32:16","slug":"tsillipulber-terav-alibaba-100g","status":"publish","type":"product","link":"https:\/\/pipraveski.ee\/en\/product\/tsillipulber-terav-alibaba-100g\/","title":{"rendered":"T\u0161illipulber, terav, Alibaba, 100g"},"content":{"rendered":"<p>AliBaba t\u0161illipulber valmistatakse tervete punaste t\u0161illide kuivatamisel ja jahvatamisel. Seda kasutatakse ka koos teiste v\u00fcrtsidega nagu garam masala, koriandri pulber, k\u00f6\u00f6mnepulber jne. T\u0161illipulbrit kasutatakse enamikes India karrides ja teistes roogades. Maitseb h\u00e4sti ka n\u00e4iteks friikartulitele puistatuna.&nbsp;<\/p>\n<p>V\u00f5ib sisaldada j\u00e4lgi nisust, maap\u00e4hklitest, sojast, mandlitest, india p\u00e4hklitest, pistaatsia p\u00e4hklitest, p\u00e4hklitest, sinepist, seesamiseemnetest, sellerist<\/p>\n<p>Country of origin: India.<\/p>","protected":false},"excerpt":{"rendered":"<p>Vaid n\u00e4puotsat\u00e4is seda t\u0161illipulbrit annab roale ahvatleva v\u00e4rvi ja v\u00fcrtsika maitse. <\/p>","protected":false},"featured_media":2166,"template":"","meta":[],"product_brand":[],"product_cat":[338],"product_tag":[],"class_list":{"0":"post-2134","1":"product","2":"type-product","3":"status-publish","4":"has-post-thumbnail","6":"product_cat-puhtad-maitsed","8":"first","9":"instock","10":"taxable","11":"shipping-taxable","12":"purchasable","13":"product-type-simple"},"_links":{"self":[{"href":"https:\/\/pipraveski.ee\/en\/wp-json\/wp\/v2\/product\/2134","targetHints":{"allow":["GET"]}}],"collection":[{"href":"https:\/\/pipraveski.ee\/en\/wp-json\/wp\/v2\/product"}],"about":[{"href":"https:\/\/pipraveski.ee\/en\/wp-json\/wp\/v2\/types\/product"}],"wp:featuredmedia":[{"embeddable":true,"href":"https:\/\/pipraveski.ee\/en\/wp-json\/wp\/v2\/media\/2166"}],"wp:attachment":[{"href":"https:\/\/pipraveski.ee\/en\/wp-json\/wp\/v2\/media?parent=2134"}],"wp:term":[{"taxonomy":"product_brand","embeddable":true,"href":"https:\/\/pipraveski.ee\/en\/wp-json\/wp\/v2\/product_brand?post=2134"},{"taxonomy":"product_cat","embeddable":true,"href":"https:\/\/pipraveski.ee\/en\/wp-json\/wp\/v2\/product_cat?post=2134"},{"taxonomy":"product_tag","embeddable":true,"href":"https:\/\/pipraveski.ee\/en\/wp-json\/wp\/v2\/product_tag?post=2134"}],"curies":[{"name":"wp","href":"https:\/\/api.w.org\/{rel}","templated":true}]}}