{"id":2133,"date":"2025-10-22T19:08:56","date_gmt":"2025-10-22T16:08:56","guid":{"rendered":"https:\/\/pipraveski.ee\/?post_type=product&#038;p=2133"},"modified":"2026-04-17T11:31:37","modified_gmt":"2026-04-17T08:31:37","slug":"kiirnuudlid-ramen-pardi-maitselised-100g","status":"publish","type":"product","link":"https:\/\/pipraveski.ee\/en\/product\/kiirnuudlid-ramen-pardi-maitselised-100g\/","title":{"rendered":"Chicken noodles, Ramen, Duck flavoured, 100g"},"content":{"rendered":"<p><span style=\"font-size:12px\"><span style=\"font-family: Roboto, sans-serif\">Nissin pardimaitseline nuudel on Jaapani stiilis nuudlisupp. Selle kiirramen-nuudlipakiga saate m\u00f5ne minutiga valmistada pardimaitselise eine. Nissini pardimaitselised nuudlid meeldivad laialdaselt inimestele, kes on selle valinud tavaliseks toidukorraks. Nissin on lisanud algsele retseptile suurep\u00e4raseid puudutusi, mille tulemuseks on hea hinna ja kvaliteedi suhe.<\/span><\/span><br \/>\n<span style=\"font-size:12px\"><span style=\"font-family: Roboto, sans-serif\">Valmistamine:Lisage lihtsalt kuuma vett. Kui nuudlid on pehmed, proovige rikkaliku supi jaoks lisada \u00f5hukesi liha- v\u00f5i k\u00f6\u00f6giviljaviile.<\/span><\/span><\/p>\n<p><span style=\"font-family: Roboto, sans-serif;font-size: 12px\"><strong>Koostisosad:<\/strong>Nuudlid 92,2% [nisujahu, palmi\u00f5li, sool, jahut\u00f6\u00f6tlusvahendid (E500, E451) stabilisaator E501, paksendaja E412, antioks\u00fcdant E306], maitseainepulber 7,8% [sool, maitsetugevdaja (E627, E631), suhkur, piim, nisu, soja), sojakastme pulber (sojauba, nisu, sool, maltodekstriin), maitsetugevdajad E621, E635, k\u00fc\u00fcslauk, v\u00fcrtsid, pardi l\u00f5hna- ja maitseaine (maitseainepulbris 2,6%), kanaliha pulber, v\u00e4rvaine E150c, happesuse regulaatorid E262, E330, porrulauk, paakumisvastane aine E551<\/span><\/p>\n<p><span style=\"font-size:12px\"><span style=\"font-family: Roboto, sans-serif\">Toitumisalane teave 100 g kohta:<br \/>\nEnergiasisaldus 85kcal<\/span><br style=\"font-family: Roboto, sans-serif;font-size: 18px\" \/><br \/>\n<span style=\"font-family: Roboto, sans-serif\">Rasvad 3,4 g<\/span><br style=\"font-family: Roboto, sans-serif;font-size: 18px\" \/><br \/>\n<span style=\"font-family: Roboto, sans-serif\">Valgud 2,1 g<\/span><br style=\"font-family: Roboto, sans-serif;font-size: 18px\" \/><br \/>\n<span style=\"font-family: Roboto, sans-serif\">Sool 1g<\/p>\n<p><strong>Allergeenid:<\/strong>Nisu, piim, sojaoad, v\u00f5ivad sisaldada sellerit, koorikloomi, kala, molluskeid, sinepit ja seesami.<\/span><\/span><\/p>\n","protected":false},"excerpt":{"rendered":"<p>Nissin pardimaitseline nuudel on Jaapani stiilis nuudlisupp. Selle kiirramen-nuudlipakiga saate m\u00f5ne minutiga valmistada pardimaitselise eine. Nissini pardimaitselised nuudlid meeldivad laialdaselt inimestele, kes on selle valinud tavaliseks toidukorraks. Nissin on lisanud algsele retseptile suurep\u00e4raseid puudutusi, mille tulemuseks on hea hinna ja kvaliteedi suhe. Valmistamine:Lisage lihtsalt kuuma vett. Kui nuudlid on pehmed, proovige rikkaliku supi jaoks lisada [&hellip;]<\/p>\n","protected":false},"featured_media":2165,"template":"","meta":[],"product_brand":[],"product_cat":[320],"product_tag":[],"class_list":{"0":"post-2133","1":"product","2":"type-product","3":"status-publish","4":"has-post-thumbnail","6":"product_cat-riis-nuudlid","8":"first","9":"outofstock","10":"taxable","11":"shipping-taxable","12":"purchasable","13":"product-type-simple"},"_links":{"self":[{"href":"https:\/\/pipraveski.ee\/en\/wp-json\/wp\/v2\/product\/2133","targetHints":{"allow":["GET"]}}],"collection":[{"href":"https:\/\/pipraveski.ee\/en\/wp-json\/wp\/v2\/product"}],"about":[{"href":"https:\/\/pipraveski.ee\/en\/wp-json\/wp\/v2\/types\/product"}],"wp:featuredmedia":[{"embeddable":true,"href":"https:\/\/pipraveski.ee\/en\/wp-json\/wp\/v2\/media\/2165"}],"wp:attachment":[{"href":"https:\/\/pipraveski.ee\/en\/wp-json\/wp\/v2\/media?parent=2133"}],"wp:term":[{"taxonomy":"product_brand","embeddable":true,"href":"https:\/\/pipraveski.ee\/en\/wp-json\/wp\/v2\/product_brand?post=2133"},{"taxonomy":"product_cat","embeddable":true,"href":"https:\/\/pipraveski.ee\/en\/wp-json\/wp\/v2\/product_cat?post=2133"},{"taxonomy":"product_tag","embeddable":true,"href":"https:\/\/pipraveski.ee\/en\/wp-json\/wp\/v2\/product_tag?post=2133"}],"curies":[{"name":"wp","href":"https:\/\/api.w.org\/{rel}","templated":true}]}}