{"id":2131,"date":"2025-10-22T19:08:56","date_gmt":"2025-10-22T16:08:56","guid":{"rendered":"https:\/\/pipraveski.ee\/?post_type=product&#038;p=2131"},"modified":"2026-04-17T11:32:31","modified_gmt":"2026-04-17T08:32:31","slug":"kaste-tsilli-poldoa-toban-djan-lkk-368g","status":"publish","type":"product","link":"https:\/\/pipraveski.ee\/en\/product\/kaste-tsilli-poldoa-toban-djan-lkk-368g\/","title":{"rendered":"Sauce, Chilli-flavoured Dandelion (Toban Djan), LKK, 368g"},"content":{"rendered":"<p>Sichuani k\u00f6\u00f6gist p\u00e4rinev v\u00fcrtsikas t\u0161illi-p\u00f5ldoa kaste ehk Doubanjian v\u00f5i Toban Djan.<br \/>\nKohalikud nimetavad seda kui &#8216;Sichuani k\u00f6\u00f6gi hingeks&#8217;.<\/p>\n<p>Kaste valmistatakse k\u00e4\u00e4ritatud p\u00f5ldoa, sojaoa ja v\u00fcrtside kooslusest.<\/p>\n<p>Sobib dipikastmeks ja v\u00fcrtsi andmiseks hautistele, wokkidele, marinaadidele, kastmetele, kui ka lihtsalt riisinuudlitega s\u00f6\u00f6miseks.<\/p>\n<p>Koostisosad: soolatud t\u0161illikaunad 48%, vesi, k\u00e4\u00e4ritatud SOJAoa pasta (vesi, sool, SOJAoad, NISUjahu), k\u00e4\u00e4ritatud p\u00f5ldoa pasta 9% (p\u00f5ldoad, vesi, sool, NISUjahu), suhkur, modifitseeritud maisit\u00e4rklis, kuivatatud k\u00fc\u00fcslauk 1%, t\u0161illipulber, SOJA\u00f5li, piimhape, maitsetugevdajad E631, E627.<\/p>\n<p>Nutrition information per 100g<br \/>\nEnergiasisaldus 391 kJ \/ 93 kcal<br \/>\nRasvad 2,4 g<br \/>\nmillest k\u00fcllastunud rasvhapped 0,4 g<br \/>\nS\u00fcsivesikud 12 g<br \/>\nmillest suhkrud 8,1 g<br \/>\nValgud 3,4 g<br \/>\nSool 10,8 g<\/p>","protected":false},"excerpt":{"rendered":"<p>Doubanjian ehk Toban Djan kaste<\/p>","protected":false},"featured_media":2163,"template":"","meta":[],"product_brand":[242],"product_cat":[317],"product_tag":[],"class_list":{"0":"post-2131","1":"product","2":"type-product","3":"status-publish","4":"has-post-thumbnail","6":"product_brand-lee-kum-kee","7":"product_cat-kastmed-sinepid-tsatnid","9":"first","10":"instock","11":"taxable","12":"shipping-taxable","13":"purchasable","14":"product-type-simple"},"_links":{"self":[{"href":"https:\/\/pipraveski.ee\/en\/wp-json\/wp\/v2\/product\/2131","targetHints":{"allow":["GET"]}}],"collection":[{"href":"https:\/\/pipraveski.ee\/en\/wp-json\/wp\/v2\/product"}],"about":[{"href":"https:\/\/pipraveski.ee\/en\/wp-json\/wp\/v2\/types\/product"}],"wp:featuredmedia":[{"embeddable":true,"href":"https:\/\/pipraveski.ee\/en\/wp-json\/wp\/v2\/media\/2163"}],"wp:attachment":[{"href":"https:\/\/pipraveski.ee\/en\/wp-json\/wp\/v2\/media?parent=2131"}],"wp:term":[{"taxonomy":"product_brand","embeddable":true,"href":"https:\/\/pipraveski.ee\/en\/wp-json\/wp\/v2\/product_brand?post=2131"},{"taxonomy":"product_cat","embeddable":true,"href":"https:\/\/pipraveski.ee\/en\/wp-json\/wp\/v2\/product_cat?post=2131"},{"taxonomy":"product_tag","embeddable":true,"href":"https:\/\/pipraveski.ee\/en\/wp-json\/wp\/v2\/product_tag?post=2131"}],"curies":[{"name":"wp","href":"https:\/\/api.w.org\/{rel}","templated":true}]}}