{"id":213,"date":"2025-10-22T19:01:17","date_gmt":"2025-10-22T16:01:17","guid":{"rendered":"https:\/\/pipraveski.ee\/?post_type=product&#038;p=213"},"modified":"2026-04-17T11:32:42","modified_gmt":"2026-04-17T08:32:42","slug":"sumahh-150g","status":"publish","type":"product","link":"https:\/\/pipraveski.ee\/en\/product\/sumahh-150g\/","title":{"rendered":"Sumahh, 150g"},"content":{"rendered":"<p>Sumahh, or the dried and ground berries of the vinegar tree, is a deep red coloured grainy powder used to flavour foods in the Middle East.<\/p>\n<p>Sumahh gives a nice sour flavour and is good on yoghurt sauce, meat dishes, couscous, rice dishes or salads.<br \/>\nAlso good just to shake on a sandwich.<br \/>\n<strong>Suuremat pakendit soovides ootame teie e-kirja aadressile myyk@pipraveski.ee<\/strong><\/p>","protected":false},"excerpt":{"rendered":"<p>Sumahh ehk \u00e4\u00e4dikapuu kuivatatud ja jahvatatud marjad on s\u00fcgavpunast v\u00e4rvi teraline pulber, mida L\u00e4his-Idas kasutatakse toitude maitsestamiseks. Sumahh annab m\u00f5nusat hapukat maitset, sobib h\u00e4sti jogurtikastmele, lihatoitudele, kuskussile, riisiroogadele v\u00f5i salatitele. Hea ka lihtsalt v\u00f5ileivale raputamiseks. Suuremat pakendit soovides ootame teie e-kirja aadressile myyk@pipraveski.ee<\/p>","protected":false},"featured_media":243,"template":"","meta":[],"product_brand":[],"product_cat":[338],"product_tag":[],"class_list":{"0":"post-213","1":"product","2":"type-product","3":"status-publish","4":"has-post-thumbnail","6":"product_cat-puhtad-maitsed","8":"first","9":"outofstock","10":"taxable","11":"shipping-taxable","12":"purchasable","13":"product-type-simple"},"_links":{"self":[{"href":"https:\/\/pipraveski.ee\/en\/wp-json\/wp\/v2\/product\/213","targetHints":{"allow":["GET"]}}],"collection":[{"href":"https:\/\/pipraveski.ee\/en\/wp-json\/wp\/v2\/product"}],"about":[{"href":"https:\/\/pipraveski.ee\/en\/wp-json\/wp\/v2\/types\/product"}],"wp:featuredmedia":[{"embeddable":true,"href":"https:\/\/pipraveski.ee\/en\/wp-json\/wp\/v2\/media\/243"}],"wp:attachment":[{"href":"https:\/\/pipraveski.ee\/en\/wp-json\/wp\/v2\/media?parent=213"}],"wp:term":[{"taxonomy":"product_brand","embeddable":true,"href":"https:\/\/pipraveski.ee\/en\/wp-json\/wp\/v2\/product_brand?post=213"},{"taxonomy":"product_cat","embeddable":true,"href":"https:\/\/pipraveski.ee\/en\/wp-json\/wp\/v2\/product_cat?post=213"},{"taxonomy":"product_tag","embeddable":true,"href":"https:\/\/pipraveski.ee\/en\/wp-json\/wp\/v2\/product_tag?post=213"}],"curies":[{"name":"wp","href":"https:\/\/api.w.org\/{rel}","templated":true}]}}