{"id":2129,"date":"2025-10-22T19:08:56","date_gmt":"2025-10-22T16:08:56","guid":{"rendered":"https:\/\/pipraveski.ee\/?post_type=product&#038;p=2129"},"modified":"2026-04-17T11:33:15","modified_gmt":"2026-04-17T08:33:15","slug":"pav-bhaji-masala-everest-100g","status":"publish","type":"product","link":"https:\/\/pipraveski.ee\/en\/product\/pav-bhaji-masala-everest-100g\/","title":{"rendered":"Pav Bhaji Masala, Everest, 100g"},"content":{"rendered":"<p>V\u00fcrtsisegu bombay k\u00f6\u00f6giviljakarri valmistamiseks.<\/p>\n<p>Koostisosad: t\u0161illi, koriander, v\u00fcrtsk\u00f6\u00f6men, kaneel, ingver, nelk, must pipar, loorber, k\u00f6\u00f6mned, mangopulber, t\u00e4htaniis, sool.<\/p>\n<p>Vaja l\u00e4heb (neljale):<br \/>\n250g keedetud k\u00f6\u00f6givilju (kartul, lillkapsas, herned, porgand) p\u00fcreestatult, 2spl Pav Bhaji Masalat, 1 suur riivitud sibul, 1tl ingverip\u00fcreed, 1tl k\u00fc\u00fcslaugup\u00fcreed, 250g peenelt hakitud tomateid,2spl tomatip\u00fcreed, 1tl t\u0161illipulbrit, 2spl hakitud koriandrilehti, soola.<\/p>\n<p>Preparation:<br \/>\nKuumuta pannil 3 spl gheed ja pruunista selles sibulad, ingver ja k\u00fc\u00fcslauk kuldseks.Lisa tomatid ning kuumuta kuni segu muutub kuivemaks. Lisa k\u00f6\u00f6giviljad ja v\u00fcrtsid. Sega t\u0161illipulber 1 tassi veega ning lisa segule.Kuumuta pidevalt segades kuni paksenemiseni. Vajadusel lisa vett.<\/p>","protected":false},"excerpt":{"rendered":"<p>V\u00fcrtsisegu bombay k\u00f6\u00f6giviljakarri valmistamiseks<\/p>","protected":false},"featured_media":2161,"template":"","meta":[],"product_brand":[],"product_cat":[307],"product_tag":[],"class_list":{"0":"post-2129","1":"product","2":"type-product","3":"status-publish","4":"has-post-thumbnail","6":"product_cat-maitseainesegud","8":"first","9":"instock","10":"taxable","11":"shipping-taxable","12":"purchasable","13":"product-type-simple"},"_links":{"self":[{"href":"https:\/\/pipraveski.ee\/en\/wp-json\/wp\/v2\/product\/2129","targetHints":{"allow":["GET"]}}],"collection":[{"href":"https:\/\/pipraveski.ee\/en\/wp-json\/wp\/v2\/product"}],"about":[{"href":"https:\/\/pipraveski.ee\/en\/wp-json\/wp\/v2\/types\/product"}],"wp:featuredmedia":[{"embeddable":true,"href":"https:\/\/pipraveski.ee\/en\/wp-json\/wp\/v2\/media\/2161"}],"wp:attachment":[{"href":"https:\/\/pipraveski.ee\/en\/wp-json\/wp\/v2\/media?parent=2129"}],"wp:term":[{"taxonomy":"product_brand","embeddable":true,"href":"https:\/\/pipraveski.ee\/en\/wp-json\/wp\/v2\/product_brand?post=2129"},{"taxonomy":"product_cat","embeddable":true,"href":"https:\/\/pipraveski.ee\/en\/wp-json\/wp\/v2\/product_cat?post=2129"},{"taxonomy":"product_tag","embeddable":true,"href":"https:\/\/pipraveski.ee\/en\/wp-json\/wp\/v2\/product_tag?post=2129"}],"curies":[{"name":"wp","href":"https:\/\/api.w.org\/{rel}","templated":true}]}}