{"id":2128,"date":"2025-10-22T19:08:56","date_gmt":"2025-10-22T16:08:56","guid":{"rendered":"https:\/\/pipraveski.ee\/?post_type=product&#038;p=2128"},"modified":"2026-04-17T11:33:06","modified_gmt":"2026-04-17T08:33:06","slug":"furikake-nori-450g","status":"publish","type":"product","link":"https:\/\/pipraveski.ee\/en\/product\/furikake-nori-450g\/","title":{"rendered":"Furikake, Nori, 450g"},"content":{"rendered":"<p>Furikake is a Japanese-style topping for pasta, pizza, salad, soup, vegetables, popcorn, etc.<br \/>\n<strong>Ingredients: <\/strong>Ingredients: white sesame seeds, kelp 20%.<br \/>\nMay contain wheat residues.<br \/>\nCountry of origin: China<br \/>\nPainter: Pipraveski O\u00dc Liivalaia 43 Tallinn www.pipraveski.ee<br \/>\n&nbsp;<\/p>","protected":false},"excerpt":{"rendered":"<p>Furikake on Jaapanip\u00e4rane lisaaine&nbsp;pastale, pitsale, salatile, supile, k\u00f6\u00f6giviljadele, popkornile jmt. Koostisosad: Koostisosad: valged seesamiseemned, r\u00f6sititud mereveitikas 20%. V\u00f5ib sisaldada nisuj\u00e4\u00e4ke. P\u00e4ritolumaa: Hiina Maaletooja: Pipraveski O\u00dc Liivalaia 43 Tallinn&nbsp; &nbsp;www.pipraveski.ee &nbsp;<\/p>","protected":false},"featured_media":2160,"template":"","meta":[],"product_brand":[],"product_cat":[307],"product_tag":[],"class_list":{"0":"post-2128","1":"product","2":"type-product","3":"status-publish","4":"has-post-thumbnail","6":"product_cat-maitseainesegud","8":"first","9":"outofstock","10":"taxable","11":"shipping-taxable","12":"purchasable","13":"product-type-simple"},"_links":{"self":[{"href":"https:\/\/pipraveski.ee\/en\/wp-json\/wp\/v2\/product\/2128","targetHints":{"allow":["GET"]}}],"collection":[{"href":"https:\/\/pipraveski.ee\/en\/wp-json\/wp\/v2\/product"}],"about":[{"href":"https:\/\/pipraveski.ee\/en\/wp-json\/wp\/v2\/types\/product"}],"wp:featuredmedia":[{"embeddable":true,"href":"https:\/\/pipraveski.ee\/en\/wp-json\/wp\/v2\/media\/2160"}],"wp:attachment":[{"href":"https:\/\/pipraveski.ee\/en\/wp-json\/wp\/v2\/media?parent=2128"}],"wp:term":[{"taxonomy":"product_brand","embeddable":true,"href":"https:\/\/pipraveski.ee\/en\/wp-json\/wp\/v2\/product_brand?post=2128"},{"taxonomy":"product_cat","embeddable":true,"href":"https:\/\/pipraveski.ee\/en\/wp-json\/wp\/v2\/product_cat?post=2128"},{"taxonomy":"product_tag","embeddable":true,"href":"https:\/\/pipraveski.ee\/en\/wp-json\/wp\/v2\/product_tag?post=2128"}],"curies":[{"name":"wp","href":"https:\/\/api.w.org\/{rel}","templated":true}]}}