{"id":2127,"date":"2025-10-22T19:08:56","date_gmt":"2025-10-22T16:08:56","guid":{"rendered":"https:\/\/pipraveski.ee\/?post_type=product&#038;p=2127"},"modified":"2026-04-17T11:33:19","modified_gmt":"2026-04-17T08:33:19","slug":"poke-kaste-ayoko-150ml","status":"publish","type":"product","link":"https:\/\/pipraveski.ee\/en\/product\/poke-kaste-ayoko-150ml\/","title":{"rendered":"Poke paste, Ayoko, 150ml"},"content":{"rendered":"<p>See peenelt viimistletud kaste \u00fchendab Tai parimad maitsed traditsioonilise Hawaii poke k\u00f6\u00f6giga, pakkudes t\u00e4iuslikku segu magususest, v\u00fcrtsikusest, umamist ja kergest happesusest, mis muudab iga poke roa meistriteoseks.<\/p>\n<p><span style=\"font-size: 13px\">Koostisained: SOJAkaste(vesi, SOJA, NISU, sool), suhkur, vesi, laimimahl, SEESAMi\u00f5li, br\u00e4ndi\u00e4\u00e4dikas, marineeritud t\u0161illi ja k\u00fc\u00fcslauk (punane t\u0161illi, k\u00fc\u00fcslauk, sool, happesuse regulaatorid: E330, E260), sool, happesuse regulaator: E330, stabilisaator: E415<\/span><\/p>\n<p>Nutrition information per 100g:<br \/>\nEnergiasisaldus 767 kJ \/ 182 kcal<br \/>\nRasvad 4,0g<br \/>\nof which saturated fatty acids 0,7g<br \/>\nCarbohydrates 33 g<br \/>\nmillest suhkrud 30 g<br \/>\nValgud 3,4 g<br \/>\nSool 6,8 g<\/p>","protected":false},"excerpt":{"rendered":"<p>Armastusega valmistatud Ayuko poke kaste on v\u00e4lja t\u00f6\u00f6tatud spetsiaalselt Hawaiian Poke&#8217;i ja Aasia k\u00f6\u00f6gi austajatele.<\/p>","protected":false},"featured_media":2159,"template":"","meta":[],"product_brand":[],"product_cat":[317],"product_tag":[],"class_list":{"0":"post-2127","1":"product","2":"type-product","3":"status-publish","4":"has-post-thumbnail","6":"product_cat-kastmed-sinepid-tsatnid","8":"first","9":"instock","10":"sale","11":"taxable","12":"shipping-taxable","13":"purchasable","14":"product-type-simple"},"_links":{"self":[{"href":"https:\/\/pipraveski.ee\/en\/wp-json\/wp\/v2\/product\/2127","targetHints":{"allow":["GET"]}}],"collection":[{"href":"https:\/\/pipraveski.ee\/en\/wp-json\/wp\/v2\/product"}],"about":[{"href":"https:\/\/pipraveski.ee\/en\/wp-json\/wp\/v2\/types\/product"}],"wp:featuredmedia":[{"embeddable":true,"href":"https:\/\/pipraveski.ee\/en\/wp-json\/wp\/v2\/media\/2159"}],"wp:attachment":[{"href":"https:\/\/pipraveski.ee\/en\/wp-json\/wp\/v2\/media?parent=2127"}],"wp:term":[{"taxonomy":"product_brand","embeddable":true,"href":"https:\/\/pipraveski.ee\/en\/wp-json\/wp\/v2\/product_brand?post=2127"},{"taxonomy":"product_cat","embeddable":true,"href":"https:\/\/pipraveski.ee\/en\/wp-json\/wp\/v2\/product_cat?post=2127"},{"taxonomy":"product_tag","embeddable":true,"href":"https:\/\/pipraveski.ee\/en\/wp-json\/wp\/v2\/product_tag?post=2127"}],"curies":[{"name":"wp","href":"https:\/\/api.w.org\/{rel}","templated":true}]}}