{"id":2126,"date":"2025-10-22T19:08:56","date_gmt":"2025-10-22T16:08:56","guid":{"rendered":"https:\/\/pipraveski.ee\/?post_type=product&#038;p=2126"},"modified":"2026-04-17T11:32:43","modified_gmt":"2026-04-17T08:32:43","slug":"utsho-suneli-100g","status":"publish","type":"product","link":"https:\/\/pipraveski.ee\/en\/product\/utsho-suneli-100g\/","title":{"rendered":"Utsho suneli, 100g"},"content":{"rendered":"<p><span style=\"font-size: 16px\">See populaarne Gruusia v\u00fcrts on osa enamikust Gruusia roogadest. Maitseaine sisaldub kala, liha, k\u00f6\u00f6giviljade ja k\u00f5rvalsaaduste esimese ja teise roa retseptides. Seda lisatakse kastmetele, magustamata pagaritainale.<\/span><br style=\"font-size: 16px\" \/><br \/>\n<span style=\"font-size: 16px\">Eurooplased maitsestavad sellega oasuppe, coleslaw&#8217;d, k\u00fcpsetatud kana, pardi ja kalkunit. Seda kasutatakse ka soolatud liha, sealihafilee, kanahakkliha, veiseliha basturma maitsestamiseks.<\/span><\/p>\n<p>T\u00e4nu oma rikkalikule keemilisele koostisele m\u00f5jutavad selle v\u00fcrtsi kasulikud omadused otseselt v\u00f5i kaudselt paljude organite ja s\u00fcsteemide funktsioone:<br \/>\nParandab vereringet.&nbsp;<br \/>\nV\u00e4hendab verer\u00f5hku.<br \/>\nReguleerib n\u00e4rvis\u00fcsteemi ja endokriins\u00fcsteemi.<br \/>\nM\u00f5tlemisprotsessid kiirenevad, t\u00e4helepanu on kontsentreeritud, kognitiivsed v\u00f5imed paranevad.<br \/>\nSuurendab s\u00f6\u00f6giisu ja stressitaluvust.<br \/>\nS\u00e4ilitab ka naha ilu, muudab juuksed paksemaks ja annab neile eluj\u00f5udu.&nbsp;<\/p>\n<p>Koostisosad: Lambal\u00e4\u00e4tsepulber.<\/p>\n<p>P\u00e4ritolumaa; Gruusia.<\/p>","protected":false},"excerpt":{"rendered":"<p>See populaarne Gruusia v\u00fcrts on osa enamikust Gruusia roogadest. Maitseaine sisaldub kala, liha, k\u00f6\u00f6giviljade ja k\u00f5rvalsaaduste esimese ja teise roa retseptides. Seda lisatakse kastmetele, magustamata pagaritainale. Eurooplased maitsestavad sellega oasuppe, coleslaw&#8217;d, k\u00fcpsetatud kana, pardi ja kalkunit. Seda kasutatakse ka soolatud liha, sealihafilee, kanahakkliha, veiseliha basturma maitsestamiseks. T\u00e4nu oma rikkalikule keemilisele koostisele m\u00f5jutavad selle v\u00fcrtsi kasulikud [&hellip;]<\/p>\n","protected":false},"featured_media":2158,"template":"","meta":[],"product_brand":[],"product_cat":[307],"product_tag":[],"class_list":{"0":"post-2126","1":"product","2":"type-product","3":"status-publish","4":"has-post-thumbnail","6":"product_cat-maitseainesegud","8":"first","9":"instock","10":"taxable","11":"shipping-taxable","12":"purchasable","13":"product-type-simple"},"_links":{"self":[{"href":"https:\/\/pipraveski.ee\/en\/wp-json\/wp\/v2\/product\/2126","targetHints":{"allow":["GET"]}}],"collection":[{"href":"https:\/\/pipraveski.ee\/en\/wp-json\/wp\/v2\/product"}],"about":[{"href":"https:\/\/pipraveski.ee\/en\/wp-json\/wp\/v2\/types\/product"}],"wp:featuredmedia":[{"embeddable":true,"href":"https:\/\/pipraveski.ee\/en\/wp-json\/wp\/v2\/media\/2158"}],"wp:attachment":[{"href":"https:\/\/pipraveski.ee\/en\/wp-json\/wp\/v2\/media?parent=2126"}],"wp:term":[{"taxonomy":"product_brand","embeddable":true,"href":"https:\/\/pipraveski.ee\/en\/wp-json\/wp\/v2\/product_brand?post=2126"},{"taxonomy":"product_cat","embeddable":true,"href":"https:\/\/pipraveski.ee\/en\/wp-json\/wp\/v2\/product_cat?post=2126"},{"taxonomy":"product_tag","embeddable":true,"href":"https:\/\/pipraveski.ee\/en\/wp-json\/wp\/v2\/product_tag?post=2126"}],"curies":[{"name":"wp","href":"https:\/\/api.w.org\/{rel}","templated":true}]}}