{"id":2123,"date":"2025-10-22T19:08:56","date_gmt":"2025-10-22T16:08:56","guid":{"rendered":"https:\/\/pipraveski.ee\/?post_type=product&#038;p=2123"},"modified":"2026-04-17T11:32:59","modified_gmt":"2026-04-17T08:32:59","slug":"misopasta-valge-hikari-400g","status":"publish","type":"product","link":"https:\/\/pipraveski.ee\/en\/product\/misopasta-valge-hikari-400g\/","title":{"rendered":"Miso paste, white, Hikari, 400g"},"content":{"rendered":"<p>Misopasta on fermenteeritud sojaoa pasta.<br \/>\nTraditsiooniline Jaapani maitseaine suppide, kastmete, hautiste jpm roogade maitse rikastamiseks.<\/p>\n<p>Valge misopasta on maitselt magusam kui punane &#8211; sobib eriti h\u00e4sti majoneesi, salatikastmete v\u00f5i muude kergete kastmete valmistamiseks.<br \/>\nValge miso v\u00f5ib hautiste ja suppide maitsestamiseks j\u00e4\u00e4da liiga maheda maitsega &#8211; v\u00fcrtsikamaks lahenduseks kasutake punast misopastat.<\/p>\n<p>Kasutamine: segada kuuma vee v\u00f5i puljongiga.<br \/>\nMiso-supp: 200ml dashi puljongile lisada 20g misopastat.<br \/>\nMaitsestada wakame vetika, tofu v\u00f5i rohelise sibulaga.<\/p>\n<p>Koostisosad: vesi, SOJAoad 30%, riis, sool, alkohol.<br \/>\nStore in the refrigerator after opening.<\/p>\n<p>Nutritional value per 100g:<br \/>\nEnergia 797kJ\/191kcal<br \/>\nRasv 6,2g<br \/>\nof which saturated fatty acids 1g<br \/>\nS\u00fcsivesikud 22g<br \/>\nmillest suhkur 10g<br \/>\nValk 11g<br \/>\nSool 11,6g<\/p>","protected":false},"excerpt":{"rendered":"<p>Jaapanip\u00e4rane fermenteeritud sojaoa pasta &#8211; suppidele, hautistele, kastmetele jms.<\/p>","protected":false},"featured_media":2155,"template":"","meta":[],"product_brand":[274],"product_cat":[308],"product_tag":[],"class_list":{"0":"post-2123","1":"product","2":"type-product","3":"status-publish","4":"has-post-thumbnail","6":"product_brand-hikari","7":"product_cat-maitseaine-pastad-kastmed","9":"first","10":"instock","11":"taxable","12":"shipping-taxable","13":"purchasable","14":"product-type-simple"},"_links":{"self":[{"href":"https:\/\/pipraveski.ee\/en\/wp-json\/wp\/v2\/product\/2123","targetHints":{"allow":["GET"]}}],"collection":[{"href":"https:\/\/pipraveski.ee\/en\/wp-json\/wp\/v2\/product"}],"about":[{"href":"https:\/\/pipraveski.ee\/en\/wp-json\/wp\/v2\/types\/product"}],"wp:featuredmedia":[{"embeddable":true,"href":"https:\/\/pipraveski.ee\/en\/wp-json\/wp\/v2\/media\/2155"}],"wp:attachment":[{"href":"https:\/\/pipraveski.ee\/en\/wp-json\/wp\/v2\/media?parent=2123"}],"wp:term":[{"taxonomy":"product_brand","embeddable":true,"href":"https:\/\/pipraveski.ee\/en\/wp-json\/wp\/v2\/product_brand?post=2123"},{"taxonomy":"product_cat","embeddable":true,"href":"https:\/\/pipraveski.ee\/en\/wp-json\/wp\/v2\/product_cat?post=2123"},{"taxonomy":"product_tag","embeddable":true,"href":"https:\/\/pipraveski.ee\/en\/wp-json\/wp\/v2\/product_tag?post=2123"}],"curies":[{"name":"wp","href":"https:\/\/api.w.org\/{rel}","templated":true}]}}