{"id":2120,"date":"2025-10-22T19:08:56","date_gmt":"2025-10-22T16:08:56","guid":{"rendered":"https:\/\/pipraveski.ee\/?post_type=product&#038;p=2120"},"modified":"2026-04-17T11:32:08","modified_gmt":"2026-04-17T08:32:08","slug":"must-tee-veriapelsini-maitsega-50g","status":"publish","type":"product","link":"https:\/\/pipraveski.ee\/en\/product\/must-tee-veriapelsini-maitsega-50g\/","title":{"rendered":"Black tea, blood orange flavoured, 50g"},"content":{"rendered":"<p>See mahe Hiina-Tseiloni musta tee segu meenutab teile v\u00e4rvilist Kariibi piirkonda t\u00e4nu helekollasele apelsinikoorele ja oran\u017eikaspunasele leegitsevale safloorile. Seda teeloomingut on \u00f5ilistanud Itaaliast p\u00e4rit magusa, v\u00e4rske ja terava puuvilja loomulik maitse. P\u00e4ikesek\u00fcpsete veriapelsinide tihke viljaliha t\u00fc\u00fcpiline punane v\u00e4rvus on esimene m\u00f5te, mis esimese lonksuga m\u00f5tted vallutab ja teiseks on soe suve\u00f5htu l\u00f5unamaal.<br \/>\nKoostisained:&nbsp;must tee (92%), apelsinikoor, looduslik vereapelsini maitseaine, safloor<br \/>\n&nbsp;Kasutusjuhend : 4-5 kuhjaga tl\/1L, 100\u00b0C veetemperatuur, 3-5 minutit t\u00f5mbeaeg.<\/p>","protected":false},"excerpt":{"rendered":"<p>See mahe Hiina-Tseiloni musta tee segu meenutab teile v\u00e4rvilist Kariibi piirkonda t\u00e4nu helekollasele apelsinikoorele ja oran\u017eikaspunasele leegitsevale safloorile. Seda teeloomingut on \u00f5ilistanud Itaaliast p\u00e4rit magusa, v\u00e4rske ja terava puuvilja loomulik maitse. P\u00e4ikesek\u00fcpsete veriapelsinide tihke viljaliha t\u00fc\u00fcpiline punane v\u00e4rvus on esimene m\u00f5te, mis esimese lonksuga m\u00f5tted vallutab ja teiseks on soe suve\u00f5htu l\u00f5unamaal. Koostisained:&nbsp;must tee (92%), [&hellip;]<\/p>\n","protected":false},"featured_media":2152,"template":"","meta":[],"product_brand":[],"product_cat":[327],"product_tag":[],"class_list":{"0":"post-2120","1":"product","2":"type-product","3":"status-publish","4":"has-post-thumbnail","6":"product_cat-kohv-tee","8":"first","9":"instock","10":"taxable","11":"shipping-taxable","12":"purchasable","13":"product-type-simple"},"_links":{"self":[{"href":"https:\/\/pipraveski.ee\/en\/wp-json\/wp\/v2\/product\/2120","targetHints":{"allow":["GET"]}}],"collection":[{"href":"https:\/\/pipraveski.ee\/en\/wp-json\/wp\/v2\/product"}],"about":[{"href":"https:\/\/pipraveski.ee\/en\/wp-json\/wp\/v2\/types\/product"}],"wp:featuredmedia":[{"embeddable":true,"href":"https:\/\/pipraveski.ee\/en\/wp-json\/wp\/v2\/media\/2152"}],"wp:attachment":[{"href":"https:\/\/pipraveski.ee\/en\/wp-json\/wp\/v2\/media?parent=2120"}],"wp:term":[{"taxonomy":"product_brand","embeddable":true,"href":"https:\/\/pipraveski.ee\/en\/wp-json\/wp\/v2\/product_brand?post=2120"},{"taxonomy":"product_cat","embeddable":true,"href":"https:\/\/pipraveski.ee\/en\/wp-json\/wp\/v2\/product_cat?post=2120"},{"taxonomy":"product_tag","embeddable":true,"href":"https:\/\/pipraveski.ee\/en\/wp-json\/wp\/v2\/product_tag?post=2120"}],"curies":[{"name":"wp","href":"https:\/\/api.w.org\/{rel}","templated":true}]}}