{"id":2118,"date":"2025-10-22T19:08:56","date_gmt":"2025-10-22T16:08:56","guid":{"rendered":"https:\/\/pipraveski.ee\/?post_type=product&#038;p=2118"},"modified":"2026-04-17T11:33:06","modified_gmt":"2026-04-17T08:33:06","slug":"tkemali-irma-370g","status":"publish","type":"product","link":"https:\/\/pipraveski.ee\/en\/product\/tkemali-irma-370g\/","title":{"rendered":"Tkemali \u201cIRMA\u201d, 370g"},"content":{"rendered":"<p>Hapukas gruusiap\u00e4rane kaste Tkemali, sarnane kasutus nagu ket\u0161upil ja muudel taolistel kastmetel.<br \/>\nSobib marinaadidesse, lihale lisamiseks, wokiroogadele, suppidesse, kastmetesse jpm.<\/p>\n<p>Koostisosad: al\u00f5tsa ploom, pipar, sool, k\u00fc\u00fcslauk, maitseained.&nbsp;<\/p>\n<p>Hoida toatemperatuuril, p\u00e4rast avamist k\u00fclmikus.&nbsp;<\/p>","protected":false},"excerpt":{"rendered":"<p>Tkemali &#8211; hapukas Gruusia kaste, kasutamine sarnaselt ket\u0161upile jmt.<\/p>","protected":false},"featured_media":2150,"template":"","meta":[],"product_brand":[],"product_cat":[317],"product_tag":[],"class_list":{"0":"post-2118","1":"product","2":"type-product","3":"status-publish","4":"has-post-thumbnail","6":"product_cat-kastmed-sinepid-tsatnid","8":"first","9":"outofstock","10":"taxable","11":"shipping-taxable","12":"purchasable","13":"product-type-simple"},"_links":{"self":[{"href":"https:\/\/pipraveski.ee\/en\/wp-json\/wp\/v2\/product\/2118","targetHints":{"allow":["GET"]}}],"collection":[{"href":"https:\/\/pipraveski.ee\/en\/wp-json\/wp\/v2\/product"}],"about":[{"href":"https:\/\/pipraveski.ee\/en\/wp-json\/wp\/v2\/types\/product"}],"wp:featuredmedia":[{"embeddable":true,"href":"https:\/\/pipraveski.ee\/en\/wp-json\/wp\/v2\/media\/2150"}],"wp:attachment":[{"href":"https:\/\/pipraveski.ee\/en\/wp-json\/wp\/v2\/media?parent=2118"}],"wp:term":[{"taxonomy":"product_brand","embeddable":true,"href":"https:\/\/pipraveski.ee\/en\/wp-json\/wp\/v2\/product_brand?post=2118"},{"taxonomy":"product_cat","embeddable":true,"href":"https:\/\/pipraveski.ee\/en\/wp-json\/wp\/v2\/product_cat?post=2118"},{"taxonomy":"product_tag","embeddable":true,"href":"https:\/\/pipraveski.ee\/en\/wp-json\/wp\/v2\/product_tag?post=2118"}],"curies":[{"name":"wp","href":"https:\/\/api.w.org\/{rel}","templated":true}]}}