{"id":2116,"date":"2025-10-22T19:08:55","date_gmt":"2025-10-22T16:08:55","guid":{"rendered":"https:\/\/pipraveski.ee\/?post_type=product&#038;p=2116"},"modified":"2026-04-17T11:33:00","modified_gmt":"2026-04-17T08:33:00","slug":"teekarud-soo-voi-joo-hoogveinimaitselised-100g","status":"publish","type":"product","link":"https:\/\/pipraveski.ee\/en\/product\/teekarud-soo-voi-joo-hoogveinimaitselised-100g\/","title":{"rendered":"Tea cups \u201cEat or Drink\u201d mulled wine flavoured, 100g"},"content":{"rendered":"<p>Valmistamine: Sega kruusis kuumas veel kaks kuni kolm teekaru. Teise v\u00f5imalusena saab nautida ka lihtsalt eriti aromaatse puuviljakommina!<\/p>\n<p>Koostisosad:&nbsp;suhkur, gl\u00fckoosisiirup, \u017eelatiin, vesi, hapendaja: sidrunhape, l\u00f5hna- ja maitseaine, valge tee ekstrakt, taimeekstraktid (leedripuu), glasuuriaine: karnaubavaha<br \/>\nTo make a hot drink, mix one to three bears in a mug of hot water. Alternatively, Tea Bears can also be enjoyed as a particularly delicious fruit drink!<\/p>\n<p>Nutrition information per 100 g<br \/>\nEnergiasisaldus 1509 kj\/ 355kcal<br \/>\nFats 0,5 g<br \/>\nof which saturated fatty acids 0,3g<br \/>\nS\u00fcsivesikud 82g<br \/>\nof which sugars 72g<br \/>\nProtein 4,8 g<br \/>\nSalt 0,09g<\/p>","protected":false},"excerpt":{"rendered":"<p>Our tea carts are uniquely versatile and very popular! <\/p>","protected":false},"featured_media":2147,"template":"","meta":[],"product_brand":[],"product_cat":[327],"product_tag":[],"class_list":{"0":"post-2116","1":"product","2":"type-product","3":"status-publish","4":"has-post-thumbnail","6":"product_cat-kohv-tee","8":"first","9":"instock","10":"taxable","11":"shipping-taxable","12":"purchasable","13":"product-type-simple"},"_links":{"self":[{"href":"https:\/\/pipraveski.ee\/en\/wp-json\/wp\/v2\/product\/2116","targetHints":{"allow":["GET"]}}],"collection":[{"href":"https:\/\/pipraveski.ee\/en\/wp-json\/wp\/v2\/product"}],"about":[{"href":"https:\/\/pipraveski.ee\/en\/wp-json\/wp\/v2\/types\/product"}],"wp:featuredmedia":[{"embeddable":true,"href":"https:\/\/pipraveski.ee\/en\/wp-json\/wp\/v2\/media\/2147"}],"wp:attachment":[{"href":"https:\/\/pipraveski.ee\/en\/wp-json\/wp\/v2\/media?parent=2116"}],"wp:term":[{"taxonomy":"product_brand","embeddable":true,"href":"https:\/\/pipraveski.ee\/en\/wp-json\/wp\/v2\/product_brand?post=2116"},{"taxonomy":"product_cat","embeddable":true,"href":"https:\/\/pipraveski.ee\/en\/wp-json\/wp\/v2\/product_cat?post=2116"},{"taxonomy":"product_tag","embeddable":true,"href":"https:\/\/pipraveski.ee\/en\/wp-json\/wp\/v2\/product_tag?post=2116"}],"curies":[{"name":"wp","href":"https:\/\/api.w.org\/{rel}","templated":true}]}}