{"id":2113,"date":"2025-10-22T19:08:55","date_gmt":"2025-10-22T16:08:55","guid":{"rendered":"https:\/\/pipraveski.ee\/?post_type=product&#038;p=2113"},"modified":"2026-04-17T11:32:45","modified_gmt":"2026-04-17T08:32:45","slug":"mustad-mungoad-urid-whole-heera-2kg","status":"publish","type":"product","link":"https:\/\/pipraveski.ee\/en\/product\/mustad-mungoad-urid-whole-heera-2kg\/","title":{"rendered":"Urid Whole (Black mung beans), Heera, 2kg"},"content":{"rendered":"<p>Mustad Mungoad (Urid whole) &#8211;<br \/>\nTuntud ka kui vigna mungo, matt-uba, india aeduba.<br \/>\nAasia p\u00e4ritolu taim mille oad on v\u00e4ga levinud just India k\u00f6\u00f6gilaual. Valmistatakse sarnaselt teiste ubadega. Peamised toidud on karrid, hautised, pajaroad.<\/p>\n<p>Mustad mungoad on t\u00e4is toitaineid &#8211; valk, rasv ja s\u00fcsivesikud ning on rikkalik valguallikas &#8211; raud, foolhape, kaltsium, magneesium, kaalium ja B-vitamiinid.<br \/>\nAitab t\u00f5sta keha energiataset ja hoiab teid aktiivsena.<br \/>\n<strong>Also suitable for vegans.<\/strong><\/p>\n<p><strong>Preparation:<\/strong><br \/>\nSorteeri v\u00e4lja riknenud oad, pese 3-4 korda puhtas vees, aseta koos veega potti ning keeda 15 min.<br \/>\nHauta 1 \u00bc tundi v\u00f5i kuni oad on pehmed. J\u00e4lgi, et potis on piisavalt vett.<\/p>\n<p><strong>Nutrition information per 100g:<\/strong><br \/>\nEnergia 1427kJ \/ 341kcal<br \/>\nRasv 1.64g<br \/>\nmillest k\u00fcllastunud rasvhapped 0.11g<br \/>\nS\u00fcsivesikud 58.9g<br \/>\nmillest suhkrud 0.2g<br \/>\nKiudained 18.3g<br \/>\nValk 25.2g<br \/>\nSool 0.09g<\/p>\n<p><strong>Manufacturer:<\/strong> Heera<br \/>\n<strong>P\u00e4ritiolumaa: <\/strong>India<\/p>","protected":false},"excerpt":{"rendered":"<p>Mustad Mungoad (Urid whole) &#8211;<br \/>\nTuntud ka kui vigna mungo, matt-uba, india aeduba.<\/p>","protected":false},"featured_media":2144,"template":"","meta":[],"product_brand":[240],"product_cat":[319],"product_tag":[],"class_list":{"0":"post-2113","1":"product","2":"type-product","3":"status-publish","4":"has-post-thumbnail","6":"product_brand-heera","7":"product_cat-laatsed-oad-terad","9":"first","10":"outofstock","11":"taxable","12":"shipping-taxable","13":"purchasable","14":"product-type-simple"},"_links":{"self":[{"href":"https:\/\/pipraveski.ee\/en\/wp-json\/wp\/v2\/product\/2113","targetHints":{"allow":["GET"]}}],"collection":[{"href":"https:\/\/pipraveski.ee\/en\/wp-json\/wp\/v2\/product"}],"about":[{"href":"https:\/\/pipraveski.ee\/en\/wp-json\/wp\/v2\/types\/product"}],"wp:featuredmedia":[{"embeddable":true,"href":"https:\/\/pipraveski.ee\/en\/wp-json\/wp\/v2\/media\/2144"}],"wp:attachment":[{"href":"https:\/\/pipraveski.ee\/en\/wp-json\/wp\/v2\/media?parent=2113"}],"wp:term":[{"taxonomy":"product_brand","embeddable":true,"href":"https:\/\/pipraveski.ee\/en\/wp-json\/wp\/v2\/product_brand?post=2113"},{"taxonomy":"product_cat","embeddable":true,"href":"https:\/\/pipraveski.ee\/en\/wp-json\/wp\/v2\/product_cat?post=2113"},{"taxonomy":"product_tag","embeddable":true,"href":"https:\/\/pipraveski.ee\/en\/wp-json\/wp\/v2\/product_tag?post=2113"}],"curies":[{"name":"wp","href":"https:\/\/api.w.org\/{rel}","templated":true}]}}