{"id":2109,"date":"2025-10-22T19:08:55","date_gmt":"2025-10-22T16:08:55","guid":{"rendered":"https:\/\/pipraveski.ee\/?post_type=product&#038;p=2109"},"modified":"2026-04-17T11:33:07","modified_gmt":"2026-04-17T08:33:07","slug":"teekarud-soo-voi-joo-vaarika-ja-vaniljemaitseline-125g","status":"publish","type":"product","link":"https:\/\/pipraveski.ee\/en\/product\/teekarud-soo-voi-joo-vaarika-ja-vaniljemaitseline-125g\/","title":{"rendered":"Teekarud &#8220;S\u00f6\u00f6 v\u00f5i joo&#8221; vaarika- ja vaniljemaitselised, 125g"},"content":{"rendered":"<p>New sensational products in our range - TEEKARUDS<\/p>\n<p>Make them into a delicious tea or quench your sweet tooth.<\/p>\n<p>Place 2-3 teaspoons in a cup of boiled water.<\/p>\n<p>Koostisosad: suhkur, gl\u00fckoosisiirup, \u017eelatiin, vesi, viinamarjamahla kontsentraat, hapestaja: sidrunhape, aroom, viinamarjaekstrakt, naturaalsed puuviljasuhkrud, taimeekstraktid (safloor), \u00f5unamahla kontsentraat, aprikoosimahla kontsentraat, pirnimahla kontsentraat, katteaine: palmivaha, ingver (0,003%).<\/p>\n<p>Nutrition information per 100g<br \/>\nEnergia 1505kJ \/354kcal<br \/>\nFat &lt;0,5g<br \/>\nof which saturated fatty acids 0,3g<br \/>\nS\u00fcsivesikud 82g<br \/>\nof which sugars 72g<br \/>\nProtein 4,7g<br \/>\nSool 0,08g<\/p>","protected":false},"excerpt":{"rendered":"<p>Uued sensatsioonilised tooted meie sortimendis &#8211; TEEKARUD Valmista neist maitsev tee v\u00f5i kustuta magusaisu. Aseta 2-3 teekaru \u00fchte tassi keedetud vette Koostisosad: suhkur, gl\u00fckoosisiirup, \u017eelatiin, vesi, viinamarjamahla kontsentraat, hapestaja: sidrunhape, aroom, viinamarjaekstrakt, naturaalsed puuviljasuhkrud, taimeekstraktid (safloor), \u00f5unamahla kontsentraat, aprikoosimahla kontsentraat, pirnimahla kontsentraat, katteaine: palmivaha, ingver (0,003%). Toitumisalane teave 100g kohta Energia 1505kJ \/354kcal Rasv &lt;0,5g [&hellip;]<\/p>\n","protected":false},"featured_media":2139,"template":"","meta":[],"product_brand":[],"product_cat":[327],"product_tag":[],"class_list":{"0":"post-2109","1":"product","2":"type-product","3":"status-publish","4":"has-post-thumbnail","6":"product_cat-kohv-tee","8":"first","9":"outofstock","10":"taxable","11":"shipping-taxable","12":"purchasable","13":"product-type-simple"},"_links":{"self":[{"href":"https:\/\/pipraveski.ee\/en\/wp-json\/wp\/v2\/product\/2109","targetHints":{"allow":["GET"]}}],"collection":[{"href":"https:\/\/pipraveski.ee\/en\/wp-json\/wp\/v2\/product"}],"about":[{"href":"https:\/\/pipraveski.ee\/en\/wp-json\/wp\/v2\/types\/product"}],"wp:featuredmedia":[{"embeddable":true,"href":"https:\/\/pipraveski.ee\/en\/wp-json\/wp\/v2\/media\/2139"}],"wp:attachment":[{"href":"https:\/\/pipraveski.ee\/en\/wp-json\/wp\/v2\/media?parent=2109"}],"wp:term":[{"taxonomy":"product_brand","embeddable":true,"href":"https:\/\/pipraveski.ee\/en\/wp-json\/wp\/v2\/product_brand?post=2109"},{"taxonomy":"product_cat","embeddable":true,"href":"https:\/\/pipraveski.ee\/en\/wp-json\/wp\/v2\/product_cat?post=2109"},{"taxonomy":"product_tag","embeddable":true,"href":"https:\/\/pipraveski.ee\/en\/wp-json\/wp\/v2\/product_tag?post=2109"}],"curies":[{"name":"wp","href":"https:\/\/api.w.org\/{rel}","templated":true}]}}