{"id":2108,"date":"2025-10-22T19:08:55","date_gmt":"2025-10-22T16:08:55","guid":{"rendered":"https:\/\/pipraveski.ee\/?post_type=product&#038;p=2108"},"modified":"2026-04-17T11:32:23","modified_gmt":"2026-04-17T08:32:23","slug":"tsillikaunad-kuivatatud-birds-eye-heera-50g","status":"publish","type":"product","link":"https:\/\/pipraveski.ee\/en\/product\/tsillikaunad-kuivatatud-birds-eye-heera-50g\/","title":{"rendered":"T\u0161illikaunad, kuivatatud, Bird&#8217;s Eye, Heera, 50g"},"content":{"rendered":"<p>Bird&#8217;s eye t\u0161illi on p\u00e4rit Aafrikast ja on Tabasco t\u0161illi l\u00e4hisugulane, kuna m\u00f5lemad kuuluvad liiki Capsicum frutescens. Aafrikas treadkse neid ka kui Piri-Piri. T\u00f5en\u00e4oliselt j\u00f5udis see Portugali kaubalaevade kaudu juba 16. sajandil. See on oma nime saanud Aafrika lindude j\u00e4rgi, kellele meeldib v\u00e4ikseid kaunasid s\u00fc\u00fca. Aafrikas istutavad p\u00f5llumehed n\u00e4ljaste elevantide eest varjuks p\u00f5ldude \u00fcmber paar rida teravaid taimi \u2013 seega peaksite olema doseerimisel ettevaatlik, sest nende 100 000 scoville&#8217;i \u00fchikut v\u00f5ivad eemale hoida isegi t\u00e4iskasvanud tallanahksed. T\u00e4nap\u00e4eval kasvatatakse Bird&#8217;s eye t\u0161illit kaubanduslikult Ugandas, Zimbabwes, Brasiilias ja Austraalias.<br \/>\n<strong>Suuremat pakendit soovides ootame teie e-kirja aadressile myyk@pipraveski.ee<\/strong><\/p>\n<p>Nutrition information per 100g:<br \/>\nEnergiasisaldus 1181kJ\/282kcal<br \/>\nrasvad 12,89g<br \/>\nmillest k\u00fcllastunud rasvhapped 2,14g<br \/>\nS\u00fcsivesikud 53,99g<br \/>\n, millest suhkrud 10,34g<br \/>\nKiudained 34,9g<br \/>\nValgud 14,14g<br \/>\nSol 0,017g<\/p>","protected":false},"excerpt":{"rendered":"<p>Bird&#8217;s eye t\u0161illi on p\u00e4rit Aafrikast ja on Tabasco t\u0161illi l\u00e4hisugulane, kuna m\u00f5lemad kuuluvad liiki Capsicum frutescens. Aafrikas treadkse neid ka kui Piri-Piri. T\u00f5en\u00e4oliselt j\u00f5udis see Portugali kaubalaevade kaudu juba 16. sajandil. See on oma nime saanud Aafrika lindude j\u00e4rgi, kellele meeldib v\u00e4ikseid kaunasid s\u00fc\u00fca. Aafrikas istutavad p\u00f5llumehed n\u00e4ljaste elevantide eest varjuks p\u00f5ldude \u00fcmber paar [&hellip;]<\/p>\n","protected":false},"featured_media":4503,"template":"","meta":[],"product_brand":[240],"product_cat":[338],"product_tag":[],"class_list":{"0":"post-2108","1":"product","2":"type-product","3":"status-publish","4":"has-post-thumbnail","6":"product_brand-heera","7":"product_cat-puhtad-maitsed","9":"first","10":"instock","11":"taxable","12":"shipping-taxable","13":"purchasable","14":"product-type-simple"},"_links":{"self":[{"href":"https:\/\/pipraveski.ee\/en\/wp-json\/wp\/v2\/product\/2108","targetHints":{"allow":["GET"]}}],"collection":[{"href":"https:\/\/pipraveski.ee\/en\/wp-json\/wp\/v2\/product"}],"about":[{"href":"https:\/\/pipraveski.ee\/en\/wp-json\/wp\/v2\/types\/product"}],"wp:featuredmedia":[{"embeddable":true,"href":"https:\/\/pipraveski.ee\/en\/wp-json\/wp\/v2\/media\/4503"}],"wp:attachment":[{"href":"https:\/\/pipraveski.ee\/en\/wp-json\/wp\/v2\/media?parent=2108"}],"wp:term":[{"taxonomy":"product_brand","embeddable":true,"href":"https:\/\/pipraveski.ee\/en\/wp-json\/wp\/v2\/product_brand?post=2108"},{"taxonomy":"product_cat","embeddable":true,"href":"https:\/\/pipraveski.ee\/en\/wp-json\/wp\/v2\/product_cat?post=2108"},{"taxonomy":"product_tag","embeddable":true,"href":"https:\/\/pipraveski.ee\/en\/wp-json\/wp\/v2\/product_tag?post=2108"}],"curies":[{"name":"wp","href":"https:\/\/api.w.org\/{rel}","templated":true}]}}