{"id":210,"date":"2025-10-22T19:01:17","date_gmt":"2025-10-22T16:01:17","guid":{"rendered":"https:\/\/pipraveski.ee\/?post_type=product&#038;p=210"},"modified":"2026-04-17T11:33:17","modified_gmt":"2026-04-17T08:33:17","slug":"suhkrutoos-dolomiit-100","status":"publish","type":"product","link":"https:\/\/pipraveski.ee\/en\/product\/suhkrutoos-dolomiit-100\/","title":{"rendered":"Sucrose, dolomite (100)"},"content":{"rendered":"<p><span style=\"font-family: Poppins;font-size: 16px\">Tooside sisu ei paaku, kuna dolomiit v\u00f5imaldab niiskusel l\u00e4bi seinte v\u00e4ljuda.<\/span><\/p>","protected":false},"excerpt":{"rendered":"<p>Tooside sisu ei paaku, kuna dolomiit v\u00f5imaldab niiskusel l\u00e4bi seinte v\u00e4ljuda.<\/p>","protected":false},"featured_media":240,"template":"","meta":[],"product_brand":[],"product_cat":[330],"product_tag":[],"class_list":{"0":"post-210","1":"product","2":"type-product","3":"status-publish","4":"has-post-thumbnail","6":"product_cat-koogitarvikud","8":"first","9":"instock","10":"taxable","11":"shipping-taxable","12":"purchasable","13":"product-type-simple"},"_links":{"self":[{"href":"https:\/\/pipraveski.ee\/en\/wp-json\/wp\/v2\/product\/210","targetHints":{"allow":["GET"]}}],"collection":[{"href":"https:\/\/pipraveski.ee\/en\/wp-json\/wp\/v2\/product"}],"about":[{"href":"https:\/\/pipraveski.ee\/en\/wp-json\/wp\/v2\/types\/product"}],"wp:featuredmedia":[{"embeddable":true,"href":"https:\/\/pipraveski.ee\/en\/wp-json\/wp\/v2\/media\/240"}],"wp:attachment":[{"href":"https:\/\/pipraveski.ee\/en\/wp-json\/wp\/v2\/media?parent=210"}],"wp:term":[{"taxonomy":"product_brand","embeddable":true,"href":"https:\/\/pipraveski.ee\/en\/wp-json\/wp\/v2\/product_brand?post=210"},{"taxonomy":"product_cat","embeddable":true,"href":"https:\/\/pipraveski.ee\/en\/wp-json\/wp\/v2\/product_cat?post=210"},{"taxonomy":"product_tag","embeddable":true,"href":"https:\/\/pipraveski.ee\/en\/wp-json\/wp\/v2\/product_tag?post=210"}],"curies":[{"name":"wp","href":"https:\/\/api.w.org\/{rel}","templated":true}]}}