{"id":209,"date":"2025-10-22T19:01:17","date_gmt":"2025-10-22T16:01:17","guid":{"rendered":"https:\/\/pipraveski.ee\/?post_type=product&#038;p=209"},"modified":"2026-04-17T11:32:17","modified_gmt":"2026-04-17T08:32:17","slug":"kaste-reaper-mustika-crazy-bastard-200ml","status":"publish","type":"product","link":"https:\/\/pipraveski.ee\/en\/product\/kaste-reaper-mustika-crazy-bastard-200ml\/","title":{"rendered":"Sauce, Reaper &amp; blueberry, CRAZY BASTARD, 200ml"},"content":{"rendered":"<p>Carolina Reaper Chilli on \u00fcks tulisemaid t\u0161illisid. Puuviljased mustikad ja magusad \u00f5unad segatuna pipra ja sibulaga teevad&nbsp; sellest v\u00e4ga erilise, tulise kastme. Algul tunnete puuviljasust, mida seej\u00e4rel toetab Carolina Reaperi lillearoom, kuni saabub \u00e4ge kuumus. Kuumus intensiivistub ja on kauakestev. Kuna kuumuse tase on 10 ja Scoville&#8217;i v\u00e4\u00e4rtus hinnanguliselt 65 000 SHU, \u00e4rge alahinnake seda kastet.<\/p>\n<p>Kaste sobib ideaalselt riisiroogadesse, hautistesse ja suppidesse, burgeri v\u00f5i pitsa katteks v\u00f5i lihtsalt maitsvaks t\u0161illikastmeks grillidesse.<br \/>\nKoostisained:&nbsp;Pipar, sibul, valgeveini\u00e4\u00e4dikas, \u00f5unad, mustikad (10%), Carolina Reaper (8%), laimid, oliivi\u00f5li, meresool<\/p>\n<p>Meie n\u00e4pun\u00e4ide: proovige seda pannkookidega.<br \/>\nP\u00e4rast avamist hoida k\u00fclmkapis ja tarvitada 6 kuu jooksul<\/p>\n<p><span style=\"font-size: 13px\">Nutrition information per 100ml:<\/span><br style=\"font-size: 13px\" \/><br \/>\n<span style=\"font-size: 13px\">Energiasisaldus 240kJ\/57kcal<\/span><br style=\"font-size: 13px\" \/><br \/>\n<span style=\"font-size: 13px\">Fats 0,8g<\/span><br style=\"font-size: 13px\" \/><br \/>\n<span style=\"font-size: 13px\">of which saturated fatty acids 0,1g<\/span><br style=\"font-size: 13px\" \/><br \/>\n<span style=\"font-size: 13px\">Carbohydrates 11g<\/span><br style=\"font-size: 13px\" \/><br \/>\n<span style=\"font-size: 13px\">millest suhkrud 8,9g<\/span><br style=\"font-size: 13px\" \/><br \/>\n<span style=\"font-size: 13px\">Protein 1g<\/span><br style=\"font-size: 13px\" \/><br \/>\n<span style=\"font-size: 13px\">Sool 0,11g<\/p>\n<p>Country of origin: Germany<\/span><\/p>","protected":false},"excerpt":{"rendered":"<p>Carolina Reaper Hot Sauce Crazy Bastard \u2013 hullult kuum kaste mustikatega<\/p>","protected":false},"featured_media":5980,"template":"","meta":[],"product_brand":[],"product_cat":[317],"product_tag":[],"class_list":{"0":"post-209","1":"product","2":"type-product","3":"status-publish","4":"has-post-thumbnail","6":"product_cat-kastmed-sinepid-tsatnid","8":"first","9":"outofstock","10":"taxable","11":"shipping-taxable","12":"purchasable","13":"product-type-simple"},"_links":{"self":[{"href":"https:\/\/pipraveski.ee\/en\/wp-json\/wp\/v2\/product\/209","targetHints":{"allow":["GET"]}}],"collection":[{"href":"https:\/\/pipraveski.ee\/en\/wp-json\/wp\/v2\/product"}],"about":[{"href":"https:\/\/pipraveski.ee\/en\/wp-json\/wp\/v2\/types\/product"}],"wp:featuredmedia":[{"embeddable":true,"href":"https:\/\/pipraveski.ee\/en\/wp-json\/wp\/v2\/media\/5980"}],"wp:attachment":[{"href":"https:\/\/pipraveski.ee\/en\/wp-json\/wp\/v2\/media?parent=209"}],"wp:term":[{"taxonomy":"product_brand","embeddable":true,"href":"https:\/\/pipraveski.ee\/en\/wp-json\/wp\/v2\/product_brand?post=209"},{"taxonomy":"product_cat","embeddable":true,"href":"https:\/\/pipraveski.ee\/en\/wp-json\/wp\/v2\/product_cat?post=209"},{"taxonomy":"product_tag","embeddable":true,"href":"https:\/\/pipraveski.ee\/en\/wp-json\/wp\/v2\/product_tag?post=209"}],"curies":[{"name":"wp","href":"https:\/\/api.w.org\/{rel}","templated":true}]}}