{"id":2076,"date":"2025-10-22T19:08:44","date_gmt":"2025-10-22T16:08:44","guid":{"rendered":"https:\/\/pipraveski.ee\/?post_type=product&#038;p=2076"},"modified":"2026-04-17T11:31:48","modified_gmt":"2026-04-17T08:31:48","slug":"soogipulgad-uhekordsed-1tk","status":"publish","type":"product","link":"https:\/\/pipraveski.ee\/en\/product\/soogipulgad-uhekordsed-1tk\/","title":{"rendered":"S\u00f6\u00f6gipulgad, \u00fchekordsed, 1tk"},"content":{"rendered":"<p>\u00dchekordsed s\u00f6\u00f6gipulgad.<\/p>","protected":false},"excerpt":{"rendered":"<p>\u00dchekordsed s\u00f6\u00f6gipulgad.<\/p>","protected":false},"featured_media":0,"template":"","meta":[],"product_brand":[],"product_cat":[330],"product_tag":[],"class_list":{"0":"post-2076","1":"product","2":"type-product","3":"status-publish","5":"product_cat-koogitarvikud","7":"first","8":"instock","9":"taxable","10":"shipping-taxable","11":"purchasable","12":"product-type-simple"},"_links":{"self":[{"href":"https:\/\/pipraveski.ee\/en\/wp-json\/wp\/v2\/product\/2076","targetHints":{"allow":["GET"]}}],"collection":[{"href":"https:\/\/pipraveski.ee\/en\/wp-json\/wp\/v2\/product"}],"about":[{"href":"https:\/\/pipraveski.ee\/en\/wp-json\/wp\/v2\/types\/product"}],"wp:attachment":[{"href":"https:\/\/pipraveski.ee\/en\/wp-json\/wp\/v2\/media?parent=2076"}],"wp:term":[{"taxonomy":"product_brand","embeddable":true,"href":"https:\/\/pipraveski.ee\/en\/wp-json\/wp\/v2\/product_brand?post=2076"},{"taxonomy":"product_cat","embeddable":true,"href":"https:\/\/pipraveski.ee\/en\/wp-json\/wp\/v2\/product_cat?post=2076"},{"taxonomy":"product_tag","embeddable":true,"href":"https:\/\/pipraveski.ee\/en\/wp-json\/wp\/v2\/product_tag?post=2076"}],"curies":[{"name":"wp","href":"https:\/\/api.w.org\/{rel}","templated":true}]}}