{"id":2071,"date":"2025-10-22T19:08:44","date_gmt":"2025-10-22T16:08:44","guid":{"rendered":"https:\/\/pipraveski.ee\/?post_type=product&#038;p=2071"},"modified":"2026-04-17T11:33:06","modified_gmt":"2026-04-17T08:33:06","slug":"dr-laue-vurtsisool-50g","status":"publish","type":"product","link":"https:\/\/pipraveski.ee\/en\/product\/dr-laue-vurtsisool-50g\/","title":{"rendered":"Dr Laue spicy salt, HELA, 50g"},"content":{"rendered":"<p>Igat liiki grillitud v\u00f5i praetud lihale (veise, lamba, sea, kana) ja lihatoitudele , gulja\u0161ile, marinaadide ja kastmete maitsestamiseks.<\/p>\n<p>Koostisosad: Koostisosad: keedusool (62%), dekstroos, muskaatp\u00e4hkel, paprika, maitsetugevdaja E621, pipar, muskaat\u00f5is, k\u00f6\u00f6mned, v\u00fcrtsid ja maitseained.<br \/>\nKulunorm: u. 25g\/1kg lihale.<\/p>","protected":false},"excerpt":{"rendered":"<p>V\u00fcrtsi- ja \u00fcrdisool lihatoitude maitsestamiseks.<\/p>","protected":false},"featured_media":2101,"template":"","meta":[],"product_brand":[244],"product_cat":[307],"product_tag":[],"class_list":{"0":"post-2071","1":"product","2":"type-product","3":"status-publish","4":"has-post-thumbnail","6":"product_brand-hela","7":"product_cat-maitseainesegud","9":"first","10":"instock","11":"sale","12":"taxable","13":"shipping-taxable","14":"purchasable","15":"product-type-simple"},"_links":{"self":[{"href":"https:\/\/pipraveski.ee\/en\/wp-json\/wp\/v2\/product\/2071","targetHints":{"allow":["GET"]}}],"collection":[{"href":"https:\/\/pipraveski.ee\/en\/wp-json\/wp\/v2\/product"}],"about":[{"href":"https:\/\/pipraveski.ee\/en\/wp-json\/wp\/v2\/types\/product"}],"wp:featuredmedia":[{"embeddable":true,"href":"https:\/\/pipraveski.ee\/en\/wp-json\/wp\/v2\/media\/2101"}],"wp:attachment":[{"href":"https:\/\/pipraveski.ee\/en\/wp-json\/wp\/v2\/media?parent=2071"}],"wp:term":[{"taxonomy":"product_brand","embeddable":true,"href":"https:\/\/pipraveski.ee\/en\/wp-json\/wp\/v2\/product_brand?post=2071"},{"taxonomy":"product_cat","embeddable":true,"href":"https:\/\/pipraveski.ee\/en\/wp-json\/wp\/v2\/product_cat?post=2071"},{"taxonomy":"product_tag","embeddable":true,"href":"https:\/\/pipraveski.ee\/en\/wp-json\/wp\/v2\/product_tag?post=2071"}],"curies":[{"name":"wp","href":"https:\/\/api.w.org\/{rel}","templated":true}]}}