{"id":2068,"date":"2025-10-22T19:08:44","date_gmt":"2025-10-22T16:08:44","guid":{"rendered":"https:\/\/pipraveski.ee\/?post_type=product&#038;p=2068"},"modified":"2026-04-17T11:31:47","modified_gmt":"2026-04-17T08:31:47","slug":"ingveripuree-pasco-270g","status":"publish","type":"product","link":"https:\/\/pipraveski.ee\/en\/product\/ingveripuree-pasco-270g\/","title":{"rendered":"Ginger puree, Pasco, 270g"},"content":{"rendered":"<p>Ingverip\u00fcreed saab kasuta nagu v\u00e4rsket ingverit.<br \/>\nLisa ingverip\u00fcreed karridele, wokkidele, kastmetele, marinaadidele jms.<\/p>\n<p>Koostisosad: hakitud ingver, modifitseeritud maisi t\u00e4rklis, k\u00f6\u00f6givilja\u00f5li, sool, \u00e4\u00e4dikhape.<br \/>\nToode v\u00f5ib sisaldada sinepit ja p\u00e4hlite, maap\u00e4hkli j\u00e4\u00e4ke.<\/p>\n<p>Gluten-free, suitable for vegetarians.<\/p>\n<p>Nutrition information per 100g:<br \/>\nEnergiasisaldus 808kJ\/191kcal<br \/>\nFats 2,3g<br \/>\nof which saturated fatty acids 0,2g<br \/>\nS\u00fcsivesikud 42,4g<br \/>\nmillest suhkrud 0,2g<br \/>\nValgud 0,2g<br \/>\nSalt 0,1g<\/p>","protected":false},"excerpt":{"rendered":"<p>Ingverip\u00fcree (gluteenivaba). Karridele, kastmetele, marinaadidele jms.<\/p>","protected":false},"featured_media":2098,"template":"","meta":[],"product_brand":[],"product_cat":[323],"product_tag":[],"class_list":{"0":"post-2068","1":"product","2":"type-product","3":"status-publish","4":"has-post-thumbnail","6":"product_cat-konservid","8":"first","9":"instock","10":"sale","11":"taxable","12":"shipping-taxable","13":"purchasable","14":"product-type-simple"},"_links":{"self":[{"href":"https:\/\/pipraveski.ee\/en\/wp-json\/wp\/v2\/product\/2068","targetHints":{"allow":["GET"]}}],"collection":[{"href":"https:\/\/pipraveski.ee\/en\/wp-json\/wp\/v2\/product"}],"about":[{"href":"https:\/\/pipraveski.ee\/en\/wp-json\/wp\/v2\/types\/product"}],"wp:featuredmedia":[{"embeddable":true,"href":"https:\/\/pipraveski.ee\/en\/wp-json\/wp\/v2\/media\/2098"}],"wp:attachment":[{"href":"https:\/\/pipraveski.ee\/en\/wp-json\/wp\/v2\/media?parent=2068"}],"wp:term":[{"taxonomy":"product_brand","embeddable":true,"href":"https:\/\/pipraveski.ee\/en\/wp-json\/wp\/v2\/product_brand?post=2068"},{"taxonomy":"product_cat","embeddable":true,"href":"https:\/\/pipraveski.ee\/en\/wp-json\/wp\/v2\/product_cat?post=2068"},{"taxonomy":"product_tag","embeddable":true,"href":"https:\/\/pipraveski.ee\/en\/wp-json\/wp\/v2\/product_tag?post=2068"}],"curies":[{"name":"wp","href":"https:\/\/api.w.org\/{rel}","templated":true}]}}