{"id":2067,"date":"2025-10-22T19:08:44","date_gmt":"2025-10-22T16:08:44","guid":{"rendered":"https:\/\/pipraveski.ee\/?post_type=product&#038;p=2067"},"modified":"2026-04-17T11:33:10","modified_gmt":"2026-04-17T08:33:10","slug":"herbes-de-provence-80g","status":"publish","type":"product","link":"https:\/\/pipraveski.ee\/en\/product\/herbes-de-provence-80g\/","title":{"rendered":"Herbes de Provence, HELA, 80g"},"content":{"rendered":"<p>Use: light meat dishes, sauces, marinades and salads.<br \/>\nConsumption standard: 8g per 1kg of material.<\/p>\n<p>Ingredients: rosemary, garden peppercorns, basil, thyme, oregano, marjoram, a blend of spices and herbs.<\/p>","protected":false},"excerpt":{"rendered":"<p>Kasutamine: kerged liharoad, kastmed, marinaadid ja salatid. Kulunorm: 8g 1kg materjali kohta. \u200bKoostisosad: rosmariin, aed-piparrohi, basiilik, t\u00fc\u00fcmian, oregano, majoraan, v\u00fcrtsi- ja maitsetaimede segu.<\/p>","protected":false},"featured_media":4256,"template":"","meta":[],"product_brand":[244],"product_cat":[307],"product_tag":[],"class_list":{"0":"post-2067","1":"product","2":"type-product","3":"status-publish","4":"has-post-thumbnail","6":"product_brand-hela","7":"product_cat-maitseainesegud","9":"first","10":"instock","11":"taxable","12":"shipping-taxable","13":"purchasable","14":"product-type-simple"},"_links":{"self":[{"href":"https:\/\/pipraveski.ee\/en\/wp-json\/wp\/v2\/product\/2067","targetHints":{"allow":["GET"]}}],"collection":[{"href":"https:\/\/pipraveski.ee\/en\/wp-json\/wp\/v2\/product"}],"about":[{"href":"https:\/\/pipraveski.ee\/en\/wp-json\/wp\/v2\/types\/product"}],"wp:featuredmedia":[{"embeddable":true,"href":"https:\/\/pipraveski.ee\/en\/wp-json\/wp\/v2\/media\/4256"}],"wp:attachment":[{"href":"https:\/\/pipraveski.ee\/en\/wp-json\/wp\/v2\/media?parent=2067"}],"wp:term":[{"taxonomy":"product_brand","embeddable":true,"href":"https:\/\/pipraveski.ee\/en\/wp-json\/wp\/v2\/product_brand?post=2067"},{"taxonomy":"product_cat","embeddable":true,"href":"https:\/\/pipraveski.ee\/en\/wp-json\/wp\/v2\/product_cat?post=2067"},{"taxonomy":"product_tag","embeddable":true,"href":"https:\/\/pipraveski.ee\/en\/wp-json\/wp\/v2\/product_tag?post=2067"}],"curies":[{"name":"wp","href":"https:\/\/api.w.org\/{rel}","templated":true}]}}