{"id":2061,"date":"2025-10-22T19:08:44","date_gmt":"2025-10-22T16:08:44","guid":{"rendered":"https:\/\/pipraveski.ee\/?post_type=product&#038;p=2061"},"modified":"2026-04-17T11:31:41","modified_gmt":"2026-04-17T08:31:41","slug":"terved-serrano-paprikad-220g","status":"publish","type":"product","link":"https:\/\/pipraveski.ee\/en\/product\/terved-serrano-paprikad-220g\/","title":{"rendered":"Whole serrano peppers, 220g"},"content":{"rendered":"<p><span style=\", sans-serif;font-size: 15.6px\">V\u00e4rskelt marineeritud terved serrano paprikad. Briljantne maitse ja aroom. Ideaalne iseseisvalt s\u00f6\u00f6miseks v\u00f5i salatites ja salsades kasutamiseks.<\/p>\n<p>Ingredients:&nbsp;<\/span><span style=\", sans-serif;font-size: 15px\">Serrano t\u0161illi, vesi, porgand, sibul, \u00e4\u00e4dikas, jooditud sool, taime\u00f5li, v\u00fcrtsid.<\/span><\/p>\n<p>Toitumisalasne teave 100g kohta,<br \/>\n&nbsp;kJ \/ kcal 69,79 \/ 16,67<br \/>\nFats 0,0g<br \/>\nK\u00fcllastunud rasvhappeid 0,0g<br \/>\nS\u00fcsivesikuid 6,67g<br \/>\nSugar 0,0g<br \/>\nProtein 0,0g<br \/>\nSool 2,58g<\/p>\n<p>&nbsp;<\/p>","protected":false},"excerpt":{"rendered":"<p>V\u00e4rskelt marineeritud terved serrano paprikad. Briljantne maitse ja aroom. Ideaalne iseseisvalt s\u00f6\u00f6miseks v\u00f5i salatites ja salsades kasutamiseks. Koostisosad:&nbsp;Serrano t\u0161illi, vesi, porgand, sibul, \u00e4\u00e4dikas, jooditud sool, taime\u00f5li, v\u00fcrtsid. Toitumisalasne teave 100g kohta, &nbsp;kJ \/ kcal 69,79 \/ 16,67 Rasvad 0,0g K\u00fcllastunud rasvhappeid 0,0g S\u00fcsivesikuid 6,67g Suhkur 0,0g Valgud 0,0g Sool 2,58g &nbsp;<\/p>","protected":false},"featured_media":2091,"template":"","meta":[],"product_brand":[],"product_cat":[323],"product_tag":[],"class_list":{"0":"post-2061","1":"product","2":"type-product","3":"status-publish","4":"has-post-thumbnail","6":"product_cat-konservid","8":"first","9":"instock","10":"taxable","11":"shipping-taxable","12":"purchasable","13":"product-type-simple"},"_links":{"self":[{"href":"https:\/\/pipraveski.ee\/en\/wp-json\/wp\/v2\/product\/2061","targetHints":{"allow":["GET"]}}],"collection":[{"href":"https:\/\/pipraveski.ee\/en\/wp-json\/wp\/v2\/product"}],"about":[{"href":"https:\/\/pipraveski.ee\/en\/wp-json\/wp\/v2\/types\/product"}],"wp:featuredmedia":[{"embeddable":true,"href":"https:\/\/pipraveski.ee\/en\/wp-json\/wp\/v2\/media\/2091"}],"wp:attachment":[{"href":"https:\/\/pipraveski.ee\/en\/wp-json\/wp\/v2\/media?parent=2061"}],"wp:term":[{"taxonomy":"product_brand","embeddable":true,"href":"https:\/\/pipraveski.ee\/en\/wp-json\/wp\/v2\/product_brand?post=2061"},{"taxonomy":"product_cat","embeddable":true,"href":"https:\/\/pipraveski.ee\/en\/wp-json\/wp\/v2\/product_cat?post=2061"},{"taxonomy":"product_tag","embeddable":true,"href":"https:\/\/pipraveski.ee\/en\/wp-json\/wp\/v2\/product_tag?post=2061"}],"curies":[{"name":"wp","href":"https:\/\/api.w.org\/{rel}","templated":true}]}}