{"id":206,"date":"2025-10-22T19:01:17","date_gmt":"2025-10-22T16:01:17","guid":{"rendered":"https:\/\/pipraveski.ee\/?post_type=product&#038;p=206"},"modified":"2026-04-17T11:32:16","modified_gmt":"2026-04-17T08:32:16","slug":"tahmatud-kalale-magic-50g","status":"publish","type":"product","link":"https:\/\/pipraveski.ee\/en\/product\/tahmatud-kalale-magic-50g\/","title":{"rendered":"Solids for fish, Magic, 50g"},"content":{"rendered":"<p>Ameerikas, eriti L\u00f5una-Louisianas, toitude maitsestamiseks ja n\u00f6. tahmamiseks kasutatav segu &#8211; h\u00e4sti kuumal pannil sulatatakse v\u00f5i, lisatakse kala, raputatakse peale \u00fchtlaselt Blackened Redfish Magic maitseainesegu ning praetakse kuni moodustub kr\u00f5be koorik. Annab suurep\u00e4rase maitse krevettidele, krabile, austrile, homaarile ja erinevatele kaladele.<br \/>\nLihtne kasutada suppides, kastmetes. Sobib ka asendamaks tavalist soola, pipart.<\/p>\n<p>Ei sisalda maitsetugevdajaid ega s\u00e4ilitusaineid.<\/p>\n<p>Koostisosad: sool, v\u00fcrtsid, paprika, k\u00fc\u00fcslauk, sibul, trikaltsiumfosfaat (paakumisvastane aine).<\/p>","protected":false},"excerpt":{"rendered":"<p>Krevettidele, krabile, austrile, homaarile ja erinevatele kaladele.<\/p>","protected":false},"featured_media":235,"template":"","meta":[],"product_brand":[],"product_cat":[307],"product_tag":[],"class_list":{"0":"post-206","1":"product","2":"type-product","3":"status-publish","4":"has-post-thumbnail","6":"product_cat-maitseainesegud","8":"first","9":"instock","10":"sale","11":"taxable","12":"shipping-taxable","13":"purchasable","14":"product-type-simple"},"_links":{"self":[{"href":"https:\/\/pipraveski.ee\/en\/wp-json\/wp\/v2\/product\/206","targetHints":{"allow":["GET"]}}],"collection":[{"href":"https:\/\/pipraveski.ee\/en\/wp-json\/wp\/v2\/product"}],"about":[{"href":"https:\/\/pipraveski.ee\/en\/wp-json\/wp\/v2\/types\/product"}],"wp:featuredmedia":[{"embeddable":true,"href":"https:\/\/pipraveski.ee\/en\/wp-json\/wp\/v2\/media\/235"}],"wp:attachment":[{"href":"https:\/\/pipraveski.ee\/en\/wp-json\/wp\/v2\/media?parent=206"}],"wp:term":[{"taxonomy":"product_brand","embeddable":true,"href":"https:\/\/pipraveski.ee\/en\/wp-json\/wp\/v2\/product_brand?post=206"},{"taxonomy":"product_cat","embeddable":true,"href":"https:\/\/pipraveski.ee\/en\/wp-json\/wp\/v2\/product_cat?post=206"},{"taxonomy":"product_tag","embeddable":true,"href":"https:\/\/pipraveski.ee\/en\/wp-json\/wp\/v2\/product_tag?post=206"}],"curies":[{"name":"wp","href":"https:\/\/api.w.org\/{rel}","templated":true}]}}